{"id":138,"date":"2024-08-28T09:27:20","date_gmt":"2024-08-28T14:27:20","guid":{"rendered":"https:\/\/recubplast.com.co\/?page_id=138"},"modified":"2024-11-28T12:51:06","modified_gmt":"2024-11-28T17:51:06","slug":"politica-de-calidad-recubrimientos-galvanicos-sobre-plastico","status":"publish","type":"page","link":"https:\/\/recubplast.com.co\/en\/politica-de-calidad-recubrimientos-galvanicos-sobre-plastico\/","title":{"rendered":"Quality policy"},"content":{"rendered":"<div class=\"wp-block-group alignfull has-background has-global-padding is-layout-constrained wp-container-core-group-is-layout-669513ed wp-block-group-is-layout-constrained\" style=\"background-color:#cdcdcd;margin-top:0;margin-bottom:0;padding-top:var(--wp--preset--spacing--50);padding-right:var(--wp--preset--spacing--50);padding-bottom:var(--wp--preset--spacing--50);padding-left:var(--wp--preset--spacing--50)\">\n<div class=\"wp-block-columns alignwide is-layout-flex wp-container-core-columns-is-layout-1da03c2a wp-block-columns-is-layout-flex\">\n<div class=\"wp-block-column is-vertically-aligned-stretch is-layout-flow wp-block-column-is-layout-flow\" style=\"flex-basis:50%\">\n<div class=\"wp-block-group is-vertical is-content-justification-stretch is-layout-flex wp-container-core-group-is-layout-444d5ee8 wp-block-group-is-layout-flex\" style=\"min-height:100%\">\n<p class=\"has-medium-font-size\">In RecubPlast LTD. , we are committed to supplying high-quality products and information on galvanic coatings on plastic, through auto-catalytic processes, and on metal through electrochemical processes, along with their associated elements and processes. \n\nWe provide these services with high standards of quality and agility, which enable us to effectively address our customers' concerns and meet all the applicable requirements to the organization. \n\nAll of this is supported by our qualified team, an adequate work environment, appropriate technical assistance, compliance in deliveries, impeccable product presentation and commitment to the continuous improvement of our processes.<\/p>\n\n\n\n<div class=\"wp-block-group has-global-padding is-content-justification-left is-layout-constrained wp-container-core-group-is-layout-9fe8ed88 wp-block-group-is-layout-constrained\">\n<div class=\"wp-block-buttons is-layout-flex wp-block-buttons-is-layout-flex\">\n<div class=\"wp-block-button\"><a class=\"wp-block-button__link wp-element-button\" href=\"https:\/\/recubplast.com.co\/en\/mision-y-vision\/\">Our Mission and Vision<\/a><\/div>\n<\/div>\n<\/div>\n<\/div>\n<\/div>\n\n\n\n<div class=\"wp-block-column is-vertically-aligned-center is-layout-flow wp-block-column-is-layout-flow\" style=\"flex-basis:50%\">\n<figure class=\"wp-block-image size-large is-resized is-style-rounded is-style-rounded--1\"><img loading=\"lazy\" decoding=\"async\" width=\"768\" height=\"1024\" src=\"https:\/\/recubplast.com.co\/wp-content\/uploads\/2024\/11\/QUIMICA-RECUB-6-768x1024.png\" alt=\"\" class=\"wp-image-253\" style=\"aspect-ratio:0.75;object-fit:cover;width:337px;height:auto\" srcset=\"https:\/\/recubplast.com.co\/wp-content\/uploads\/2024\/11\/QUIMICA-RECUB-6-768x1024.png 768w, https:\/\/recubplast.com.co\/wp-content\/uploads\/2024\/11\/QUIMICA-RECUB-6-225x300.png 225w, https:\/\/recubplast.com.co\/wp-content\/uploads\/2024\/11\/QUIMICA-RECUB-6-1152x1536.png 1152w, https:\/\/recubplast.com.co\/wp-content\/uploads\/2024\/11\/QUIMICA-RECUB-6-1536x2048.png 1536w, https:\/\/recubplast.com.co\/wp-content\/uploads\/2024\/11\/QUIMICA-RECUB-6.png 1920w\" sizes=\"auto, (max-width: 768px) 100vw, 768px\" \/><\/figure>\n<\/div>\n<\/div>\n<\/div>","protected":false},"excerpt":{"rendered":"<p>Suministrar productos e informaci\u00f3n de recubrimientos galv\u00e1nicos sobre pl\u00e1stico, mediante procesos auto-catal\u00edticos, y sobre metal, a trav\u00e9s de procesos electroqu\u00edmicos, junto con sus elementos y procesos asociados. Ofrecemos estos servicios con altos est\u00e1ndares de calidad y agilidad, lo que nos permite responder eficazmente a las inquietudes de nuestros clientes y cumplir con los requisitos aplicables [&hellip;]<\/p>\n","protected":false},"author":1,"featured_media":0,"parent":0,"menu_order":0,"comment_status":"closed","ping_status":"closed","template":"","meta":{"_eb_attr":"","footnotes":""},"class_list":["post-138","page","type-page","status-publish","hentry"],"yoast_head":"<!-- This site is optimized with the Yoast SEO plugin v27.5 - https:\/\/yoast.com\/product\/yoast-seo-wordpress\/ -->\n<title>Pol\u00edtica de calidad - Recubplast<\/title>\n<meta name=\"description\" content=\"Suministrar productos e informaci\u00f3n de recubrimientos galv\u00e1nicos sobre pl\u00e1stico, mediante procesos auto-catal\u00edticos, y sobre metal.\" \/>\n<meta name=\"robots\" content=\"index, follow, max-snippet:-1, max-image-preview:large, max-video-preview:-1\" \/>\n<link rel=\"canonical\" href=\"https:\/\/recubplast.com.co\/en\/politica-de-calidad-recubrimientos-galvanicos-sobre-plastico\/\" \/>\n<meta property=\"og:locale\" content=\"en_US\" \/>\n<meta property=\"og:type\" content=\"article\" \/>\n<meta property=\"og:title\" content=\"Pol\u00edtica de calidad - Recubplast\" \/>\n<meta property=\"og:description\" content=\"Suministrar productos e informaci\u00f3n de recubrimientos galv\u00e1nicos sobre pl\u00e1stico, mediante procesos auto-catal\u00edticos, y sobre metal.\" \/>\n<meta property=\"og:url\" content=\"https:\/\/recubplast.com.co\/en\/politica-de-calidad-recubrimientos-galvanicos-sobre-plastico\/\" \/>\n<meta property=\"og:site_name\" content=\"Recubplast\" \/>\n<meta property=\"article:modified_time\" content=\"2024-11-28T17:51:06+00:00\" \/>\n<meta property=\"og:image\" content=\"https:\/\/recubplast.com.co\/wp-content\/uploads\/2024\/11\/QUIMICA-RECUB-6-768x1024.png\" \/>\n\t<meta property=\"og:image:width\" content=\"768\" \/>\n\t<meta property=\"og:image:height\" content=\"1024\" \/>\n\t<meta property=\"og:image:type\" content=\"image\/png\" \/>\n<meta name=\"twitter:card\" content=\"summary_large_image\" \/>\n<meta name=\"twitter:label1\" content=\"Est. reading time\" \/>\n\t<meta name=\"twitter:data1\" content=\"1 minute\" \/>\n<script type=\"application\/ld+json\" class=\"yoast-schema-graph\">{\"@context\":\"https:\\\/\\\/schema.org\",\"@graph\":[{\"@type\":\"WebPage\",\"@id\":\"https:\\\/\\\/recubplast.com.co\\\/politica-de-calidad-recubrimientos-galvanicos-sobre-plastico\\\/\",\"url\":\"https:\\\/\\\/recubplast.com.co\\\/politica-de-calidad-recubrimientos-galvanicos-sobre-plastico\\\/\",\"name\":\"Pol\u00edtica de calidad - Recubplast\",\"isPartOf\":{\"@id\":\"https:\\\/\\\/recubplast.com.co\\\/#website\"},\"primaryImageOfPage\":{\"@id\":\"https:\\\/\\\/recubplast.com.co\\\/politica-de-calidad-recubrimientos-galvanicos-sobre-plastico\\\/#primaryimage\"},\"image\":{\"@id\":\"https:\\\/\\\/recubplast.com.co\\\/politica-de-calidad-recubrimientos-galvanicos-sobre-plastico\\\/#primaryimage\"},\"thumbnailUrl\":\"https:\\\/\\\/recubplast.com.co\\\/wp-content\\\/uploads\\\/2024\\\/11\\\/QUIMICA-RECUB-6-768x1024.png\",\"datePublished\":\"2024-08-28T14:27:20+00:00\",\"dateModified\":\"2024-11-28T17:51:06+00:00\",\"description\":\"Suministrar productos e informaci\u00f3n de recubrimientos galv\u00e1nicos sobre pl\u00e1stico, mediante procesos auto-catal\u00edticos, y sobre metal.\",\"breadcrumb\":{\"@id\":\"https:\\\/\\\/recubplast.com.co\\\/politica-de-calidad-recubrimientos-galvanicos-sobre-plastico\\\/#breadcrumb\"},\"inLanguage\":\"en-US\",\"potentialAction\":[{\"@type\":\"ReadAction\",\"target\":[\"https:\\\/\\\/recubplast.com.co\\\/politica-de-calidad-recubrimientos-galvanicos-sobre-plastico\\\/\"]}]},{\"@type\":\"ImageObject\",\"inLanguage\":\"en-US\",\"@id\":\"https:\\\/\\\/recubplast.com.co\\\/politica-de-calidad-recubrimientos-galvanicos-sobre-plastico\\\/#primaryimage\",\"url\":\"https:\\\/\\\/recubplast.com.co\\\/wp-content\\\/uploads\\\/2024\\\/11\\\/QUIMICA-RECUB-6-768x1024.png\",\"contentUrl\":\"https:\\\/\\\/recubplast.com.co\\\/wp-content\\\/uploads\\\/2024\\\/11\\\/QUIMICA-RECUB-6-768x1024.png\"},{\"@type\":\"BreadcrumbList\",\"@id\":\"https:\\\/\\\/recubplast.com.co\\\/politica-de-calidad-recubrimientos-galvanicos-sobre-plastico\\\/#breadcrumb\",\"itemListElement\":[{\"@type\":\"ListItem\",\"position\":1,\"name\":\"Inicio\",\"item\":\"https:\\\/\\\/recubplast.com.co\\\/\"},{\"@type\":\"ListItem\",\"position\":2,\"name\":\"Pol\u00edtica de calidad\"}]},{\"@type\":\"WebSite\",\"@id\":\"https:\\\/\\\/recubplast.com.co\\\/#website\",\"url\":\"https:\\\/\\\/recubplast.com.co\\\/\",\"name\":\"Recubplast\",\"description\":\"\",\"publisher\":{\"@id\":\"https:\\\/\\\/recubplast.com.co\\\/#organization\"},\"potentialAction\":[{\"@type\":\"SearchAction\",\"target\":{\"@type\":\"EntryPoint\",\"urlTemplate\":\"https:\\\/\\\/recubplast.com.co\\\/?s={search_term_string}\"},\"query-input\":{\"@type\":\"PropertyValueSpecification\",\"valueRequired\":true,\"valueName\":\"search_term_string\"}}],\"inLanguage\":\"en-US\"},{\"@type\":\"Organization\",\"@id\":\"https:\\\/\\\/recubplast.com.co\\\/#organization\",\"name\":\"Recubplast\",\"url\":\"https:\\\/\\\/recubplast.com.co\\\/\",\"logo\":{\"@type\":\"ImageObject\",\"inLanguage\":\"en-US\",\"@id\":\"https:\\\/\\\/recubplast.com.co\\\/#\\\/schema\\\/logo\\\/image\\\/\",\"url\":\"https:\\\/\\\/recubplast.com.co\\\/wp-content\\\/uploads\\\/2025\\\/06\\\/cropped-WhatsApp-Image-2025-06-03-at-2.52.17-PM.png\",\"contentUrl\":\"https:\\\/\\\/recubplast.com.co\\\/wp-content\\\/uploads\\\/2025\\\/06\\\/cropped-WhatsApp-Image-2025-06-03-at-2.52.17-PM.png\",\"width\":512,\"height\":512,\"caption\":\"Recubplast\"},\"image\":{\"@id\":\"https:\\\/\\\/recubplast.com.co\\\/#\\\/schema\\\/logo\\\/image\\\/\"}}]}<\/script>\n<!-- \/ Yoast SEO plugin. -->","yoast_head_json":{"title":"Pol\u00edtica de calidad - Recubplast","description":"Suministrar productos e informaci\u00f3n de recubrimientos galv\u00e1nicos sobre pl\u00e1stico, mediante procesos auto-catal\u00edticos, y sobre metal.","robots":{"index":"index","follow":"follow","max-snippet":"max-snippet:-1","max-image-preview":"max-image-preview:large","max-video-preview":"max-video-preview:-1"},"canonical":"https:\/\/recubplast.com.co\/en\/politica-de-calidad-recubrimientos-galvanicos-sobre-plastico\/","og_locale":"en_US","og_type":"article","og_title":"Pol\u00edtica de calidad - Recubplast","og_description":"Suministrar productos e informaci\u00f3n de recubrimientos galv\u00e1nicos sobre pl\u00e1stico, mediante procesos auto-catal\u00edticos, y sobre metal.","og_url":"https:\/\/recubplast.com.co\/en\/politica-de-calidad-recubrimientos-galvanicos-sobre-plastico\/","og_site_name":"Recubplast","article_modified_time":"2024-11-28T17:51:06+00:00","og_image":[{"width":768,"height":1024,"url":"https:\/\/recubplast.com.co\/wp-content\/uploads\/2024\/11\/QUIMICA-RECUB-6-768x1024.png","type":"image\/png"}],"twitter_card":"summary_large_image","twitter_misc":{"Est. reading time":"1 minute"},"schema":{"@context":"https:\/\/schema.org","@graph":[{"@type":"WebPage","@id":"https:\/\/recubplast.com.co\/politica-de-calidad-recubrimientos-galvanicos-sobre-plastico\/","url":"https:\/\/recubplast.com.co\/politica-de-calidad-recubrimientos-galvanicos-sobre-plastico\/","name":"Pol\u00edtica de calidad - Recubplast","isPartOf":{"@id":"https:\/\/recubplast.com.co\/#website"},"primaryImageOfPage":{"@id":"https:\/\/recubplast.com.co\/politica-de-calidad-recubrimientos-galvanicos-sobre-plastico\/#primaryimage"},"image":{"@id":"https:\/\/recubplast.com.co\/politica-de-calidad-recubrimientos-galvanicos-sobre-plastico\/#primaryimage"},"thumbnailUrl":"https:\/\/recubplast.com.co\/wp-content\/uploads\/2024\/11\/QUIMICA-RECUB-6-768x1024.png","datePublished":"2024-08-28T14:27:20+00:00","dateModified":"2024-11-28T17:51:06+00:00","description":"Suministrar productos e informaci\u00f3n de recubrimientos galv\u00e1nicos sobre pl\u00e1stico, mediante procesos auto-catal\u00edticos, y sobre metal.","breadcrumb":{"@id":"https:\/\/recubplast.com.co\/politica-de-calidad-recubrimientos-galvanicos-sobre-plastico\/#breadcrumb"},"inLanguage":"en-US","potentialAction":[{"@type":"ReadAction","target":["https:\/\/recubplast.com.co\/politica-de-calidad-recubrimientos-galvanicos-sobre-plastico\/"]}]},{"@type":"ImageObject","inLanguage":"en-US","@id":"https:\/\/recubplast.com.co\/politica-de-calidad-recubrimientos-galvanicos-sobre-plastico\/#primaryimage","url":"https:\/\/recubplast.com.co\/wp-content\/uploads\/2024\/11\/QUIMICA-RECUB-6-768x1024.png","contentUrl":"https:\/\/recubplast.com.co\/wp-content\/uploads\/2024\/11\/QUIMICA-RECUB-6-768x1024.png"},{"@type":"BreadcrumbList","@id":"https:\/\/recubplast.com.co\/politica-de-calidad-recubrimientos-galvanicos-sobre-plastico\/#breadcrumb","itemListElement":[{"@type":"ListItem","position":1,"name":"Inicio","item":"https:\/\/recubplast.com.co\/"},{"@type":"ListItem","position":2,"name":"Pol\u00edtica de calidad"}]},{"@type":"WebSite","@id":"https:\/\/recubplast.com.co\/#website","url":"https:\/\/recubplast.com.co\/","name":"Recubplast","description":"","publisher":{"@id":"https:\/\/recubplast.com.co\/#organization"},"potentialAction":[{"@type":"SearchAction","target":{"@type":"EntryPoint","urlTemplate":"https:\/\/recubplast.com.co\/?s={search_term_string}"},"query-input":{"@type":"PropertyValueSpecification","valueRequired":true,"valueName":"search_term_string"}}],"inLanguage":"en-US"},{"@type":"Organization","@id":"https:\/\/recubplast.com.co\/#organization","name":"Recubplast","url":"https:\/\/recubplast.com.co\/","logo":{"@type":"ImageObject","inLanguage":"en-US","@id":"https:\/\/recubplast.com.co\/#\/schema\/logo\/image\/","url":"https:\/\/recubplast.com.co\/wp-content\/uploads\/2025\/06\/cropped-WhatsApp-Image-2025-06-03-at-2.52.17-PM.png","contentUrl":"https:\/\/recubplast.com.co\/wp-content\/uploads\/2025\/06\/cropped-WhatsApp-Image-2025-06-03-at-2.52.17-PM.png","width":512,"height":512,"caption":"Recubplast"},"image":{"@id":"https:\/\/recubplast.com.co\/#\/schema\/logo\/image\/"}}]}},"_links":{"self":[{"href":"https:\/\/recubplast.com.co\/en\/wp-json\/wp\/v2\/pages\/138","targetHints":{"allow":["GET"]}}],"collection":[{"href":"https:\/\/recubplast.com.co\/en\/wp-json\/wp\/v2\/pages"}],"about":[{"href":"https:\/\/recubplast.com.co\/en\/wp-json\/wp\/v2\/types\/page"}],"author":[{"embeddable":true,"href":"https:\/\/recubplast.com.co\/en\/wp-json\/wp\/v2\/users\/1"}],"replies":[{"embeddable":true,"href":"https:\/\/recubplast.com.co\/en\/wp-json\/wp\/v2\/comments?post=138"}],"version-history":[{"count":6,"href":"https:\/\/recubplast.com.co\/en\/wp-json\/wp\/v2\/pages\/138\/revisions"}],"predecessor-version":[{"id":256,"href":"https:\/\/recubplast.com.co\/en\/wp-json\/wp\/v2\/pages\/138\/revisions\/256"}],"wp:attachment":[{"href":"https:\/\/recubplast.com.co\/en\/wp-json\/wp\/v2\/media?parent=138"}],"curies":[{"name":"wp","href":"https:\/\/api.w.org\/{rel}","templated":true}]}}