{"id":148,"date":"2024-08-28T09:53:24","date_gmt":"2024-08-28T14:53:24","guid":{"rendered":"https:\/\/recubplast.com.co\/?page_id=148"},"modified":"2024-11-28T12:59:54","modified_gmt":"2024-11-28T17:59:54","slug":"mision-y-vision-empresa-dedicada-a-la-comercializacion-de-productos-para-la-industria-galvanica","status":"publish","type":"page","link":"https:\/\/recubplast.com.co\/en\/mision-y-vision-empresa-dedicada-a-la-comercializacion-de-productos-para-la-industria-galvanica\/","title":{"rendered":"Our Mission and Vision"},"content":{"rendered":"<p><\/p>\n\n\n\n<div class=\"wp-block-media-text has-media-on-the-right is-stacked-on-mobile\" style=\"grid-template-columns:auto 42%\"><div class=\"wp-block-media-text__content\">\n<p><strong><em>Mission<\/em><\/strong><\/p>\n\n\n\n<p>We are a company dedicated to the commercialization of products for the galvanic industry that seeks to fulfill our customers requirements and other interested parties; with the assistance of our highly skilled team <strong><em>Recubplast <\/em><\/strong>RecubPlast specializes in equipment, elements and products for the treatment of conductive and non\/conductive surfaces, nationally and in other markets.<\/p>\n<\/div><figure class=\"wp-block-media-text__media\"><img loading=\"lazy\" decoding=\"async\" width=\"1024\" height=\"768\" src=\"https:\/\/recubplast.com.co\/wp-content\/uploads\/2024\/11\/LABORATORIO-QUIMICO-RECUB-1024x768.png\" alt=\"Misi\u00f3n\" class=\"wp-image-259 size-full\" srcset=\"https:\/\/recubplast.com.co\/wp-content\/uploads\/2024\/11\/LABORATORIO-QUIMICO-RECUB-1024x768.png 1024w, https:\/\/recubplast.com.co\/wp-content\/uploads\/2024\/11\/LABORATORIO-QUIMICO-RECUB-300x225.png 300w, https:\/\/recubplast.com.co\/wp-content\/uploads\/2024\/11\/LABORATORIO-QUIMICO-RECUB-768x576.png 768w, https:\/\/recubplast.com.co\/wp-content\/uploads\/2024\/11\/LABORATORIO-QUIMICO-RECUB-1536x1152.png 1536w, https:\/\/recubplast.com.co\/wp-content\/uploads\/2024\/11\/LABORATORIO-QUIMICO-RECUB-2048x1536.png 2048w\" sizes=\"auto, (max-width: 1024px) 100vw, 1024px\" \/><\/figure><\/div>\n\n\n\n<p><\/p>\n\n\n\n<div class=\"wp-block-media-text is-stacked-on-mobile\" style=\"grid-template-columns:41% auto\"><figure class=\"wp-block-media-text__media\"><img loading=\"lazy\" decoding=\"async\" width=\"768\" height=\"1024\" src=\"https:\/\/recubplast.com.co\/wp-content\/uploads\/2024\/11\/QUIMICA-RECUB-3-768x1024.png\" alt=\"visi\u00f3n\" class=\"wp-image-260 size-full\" srcset=\"https:\/\/recubplast.com.co\/wp-content\/uploads\/2024\/11\/QUIMICA-RECUB-3-768x1024.png 768w, https:\/\/recubplast.com.co\/wp-content\/uploads\/2024\/11\/QUIMICA-RECUB-3-225x300.png 225w, https:\/\/recubplast.com.co\/wp-content\/uploads\/2024\/11\/QUIMICA-RECUB-3-1152x1536.png 1152w, https:\/\/recubplast.com.co\/wp-content\/uploads\/2024\/11\/QUIMICA-RECUB-3-1536x2048.png 1536w, https:\/\/recubplast.com.co\/wp-content\/uploads\/2024\/11\/QUIMICA-RECUB-3.png 1920w\" sizes=\"auto, (max-width: 768px) 100vw, 768px\" \/><\/figure><div class=\"wp-block-media-text__content\">\n<p><strong><em>Vision<\/em><\/strong><\/p>\n\n\n\n<p>To maintain our leadership in corporate image within the galvanic and autocatalytic coatings market. Supported by the rating given by our customers, which should not be less than 9.0.\nThis goal will be achieved by using as a tool: good service, products that meet specifications and the integrity of our quality management system.<\/p>\n<\/div><\/div>","protected":false},"excerpt":{"rendered":"<p>Misi\u00f3n Somos una empresa dedicada a la comercializaci\u00f3n de productos para la industria galv\u00e1nica que busca satisfacer los requisitos de sus clientes y dem\u00e1s partes interesadas; ayudados por talento humano capacitado. Recubplast est\u00e1 especializado en quipos, elementos y productos para realizar tratamiento de superficies conductoras y no conductores, a nivel nacional y otros mercados. Visi\u00f3n [&hellip;]<\/p>\n","protected":false},"author":1,"featured_media":0,"parent":0,"menu_order":0,"comment_status":"closed","ping_status":"closed","template":"","meta":{"_eb_attr":"","footnotes":""},"class_list":["post-148","page","type-page","status-publish","hentry"],"yoast_head":"<!-- This site is optimized with the Yoast SEO plugin v27.5 - https:\/\/yoast.com\/product\/yoast-seo-wordpress\/ -->\n<title>Misi\u00f3n y Visi\u00f3n - Recubplast<\/title>\n<meta name=\"description\" content=\"empresa dedicada a la comercializaci\u00f3n de productos para la industria galv\u00e1nica que busca satisfacer los requisitos de sus clientes.\" \/>\n<meta name=\"robots\" content=\"index, follow, max-snippet:-1, max-image-preview:large, max-video-preview:-1\" \/>\n<link rel=\"canonical\" href=\"https:\/\/recubplast.com.co\/en\/mision-y-vision-empresa-dedicada-a-la-comercializacion-de-productos-para-la-industria-galvanica\/\" \/>\n<meta property=\"og:locale\" content=\"en_US\" \/>\n<meta property=\"og:type\" content=\"article\" \/>\n<meta property=\"og:title\" content=\"Misi\u00f3n y Visi\u00f3n - Recubplast\" \/>\n<meta property=\"og:description\" content=\"empresa dedicada a la comercializaci\u00f3n de productos para la industria galv\u00e1nica que busca satisfacer los requisitos de sus clientes.\" \/>\n<meta property=\"og:url\" content=\"https:\/\/recubplast.com.co\/en\/mision-y-vision-empresa-dedicada-a-la-comercializacion-de-productos-para-la-industria-galvanica\/\" \/>\n<meta property=\"og:site_name\" content=\"Recubplast\" \/>\n<meta property=\"article:modified_time\" content=\"2024-11-28T17:59:54+00:00\" \/>\n<meta property=\"og:image\" content=\"https:\/\/recubplast.com.co\/wp-content\/uploads\/2024\/11\/LABORATORIO-QUIMICO-RECUB-1024x768.png\" \/>\n\t<meta property=\"og:image:width\" content=\"1024\" \/>\n\t<meta property=\"og:image:height\" content=\"768\" \/>\n\t<meta property=\"og:image:type\" content=\"image\/png\" \/>\n<meta name=\"twitter:card\" content=\"summary_large_image\" \/>\n<meta name=\"twitter:label1\" content=\"Est. reading time\" \/>\n\t<meta name=\"twitter:data1\" content=\"1 minute\" \/>\n<script type=\"application\/ld+json\" class=\"yoast-schema-graph\">{\"@context\":\"https:\\\/\\\/schema.org\",\"@graph\":[{\"@type\":\"WebPage\",\"@id\":\"https:\\\/\\\/recubplast.com.co\\\/mision-y-vision-empresa-dedicada-a-la-comercializacion-de-productos-para-la-industria-galvanica\\\/\",\"url\":\"https:\\\/\\\/recubplast.com.co\\\/mision-y-vision-empresa-dedicada-a-la-comercializacion-de-productos-para-la-industria-galvanica\\\/\",\"name\":\"Misi\u00f3n y Visi\u00f3n - Recubplast\",\"isPartOf\":{\"@id\":\"https:\\\/\\\/recubplast.com.co\\\/#website\"},\"primaryImageOfPage\":{\"@id\":\"https:\\\/\\\/recubplast.com.co\\\/mision-y-vision-empresa-dedicada-a-la-comercializacion-de-productos-para-la-industria-galvanica\\\/#primaryimage\"},\"image\":{\"@id\":\"https:\\\/\\\/recubplast.com.co\\\/mision-y-vision-empresa-dedicada-a-la-comercializacion-de-productos-para-la-industria-galvanica\\\/#primaryimage\"},\"thumbnailUrl\":\"https:\\\/\\\/recubplast.com.co\\\/wp-content\\\/uploads\\\/2024\\\/11\\\/LABORATORIO-QUIMICO-RECUB-1024x768.png\",\"datePublished\":\"2024-08-28T14:53:24+00:00\",\"dateModified\":\"2024-11-28T17:59:54+00:00\",\"description\":\"empresa dedicada a la comercializaci\u00f3n de productos para la industria galv\u00e1nica que busca satisfacer los requisitos de sus clientes.\",\"breadcrumb\":{\"@id\":\"https:\\\/\\\/recubplast.com.co\\\/mision-y-vision-empresa-dedicada-a-la-comercializacion-de-productos-para-la-industria-galvanica\\\/#breadcrumb\"},\"inLanguage\":\"en-US\",\"potentialAction\":[{\"@type\":\"ReadAction\",\"target\":[\"https:\\\/\\\/recubplast.com.co\\\/mision-y-vision-empresa-dedicada-a-la-comercializacion-de-productos-para-la-industria-galvanica\\\/\"]}]},{\"@type\":\"ImageObject\",\"inLanguage\":\"en-US\",\"@id\":\"https:\\\/\\\/recubplast.com.co\\\/mision-y-vision-empresa-dedicada-a-la-comercializacion-de-productos-para-la-industria-galvanica\\\/#primaryimage\",\"url\":\"https:\\\/\\\/recubplast.com.co\\\/wp-content\\\/uploads\\\/2024\\\/11\\\/LABORATORIO-QUIMICO-RECUB-1024x768.png\",\"contentUrl\":\"https:\\\/\\\/recubplast.com.co\\\/wp-content\\\/uploads\\\/2024\\\/11\\\/LABORATORIO-QUIMICO-RECUB-1024x768.png\"},{\"@type\":\"BreadcrumbList\",\"@id\":\"https:\\\/\\\/recubplast.com.co\\\/mision-y-vision-empresa-dedicada-a-la-comercializacion-de-productos-para-la-industria-galvanica\\\/#breadcrumb\",\"itemListElement\":[{\"@type\":\"ListItem\",\"position\":1,\"name\":\"Inicio\",\"item\":\"https:\\\/\\\/recubplast.com.co\\\/\"},{\"@type\":\"ListItem\",\"position\":2,\"name\":\"Misi\u00f3n y Visi\u00f3n\"}]},{\"@type\":\"WebSite\",\"@id\":\"https:\\\/\\\/recubplast.com.co\\\/#website\",\"url\":\"https:\\\/\\\/recubplast.com.co\\\/\",\"name\":\"Recubplast\",\"description\":\"\",\"publisher\":{\"@id\":\"https:\\\/\\\/recubplast.com.co\\\/#organization\"},\"potentialAction\":[{\"@type\":\"SearchAction\",\"target\":{\"@type\":\"EntryPoint\",\"urlTemplate\":\"https:\\\/\\\/recubplast.com.co\\\/?s={search_term_string}\"},\"query-input\":{\"@type\":\"PropertyValueSpecification\",\"valueRequired\":true,\"valueName\":\"search_term_string\"}}],\"inLanguage\":\"en-US\"},{\"@type\":\"Organization\",\"@id\":\"https:\\\/\\\/recubplast.com.co\\\/#organization\",\"name\":\"Recubplast\",\"url\":\"https:\\\/\\\/recubplast.com.co\\\/\",\"logo\":{\"@type\":\"ImageObject\",\"inLanguage\":\"en-US\",\"@id\":\"https:\\\/\\\/recubplast.com.co\\\/#\\\/schema\\\/logo\\\/image\\\/\",\"url\":\"https:\\\/\\\/recubplast.com.co\\\/wp-content\\\/uploads\\\/2025\\\/06\\\/cropped-WhatsApp-Image-2025-06-03-at-2.52.17-PM.png\",\"contentUrl\":\"https:\\\/\\\/recubplast.com.co\\\/wp-content\\\/uploads\\\/2025\\\/06\\\/cropped-WhatsApp-Image-2025-06-03-at-2.52.17-PM.png\",\"width\":512,\"height\":512,\"caption\":\"Recubplast\"},\"image\":{\"@id\":\"https:\\\/\\\/recubplast.com.co\\\/#\\\/schema\\\/logo\\\/image\\\/\"}}]}<\/script>\n<!-- \/ Yoast SEO plugin. -->","yoast_head_json":{"title":"Misi\u00f3n y Visi\u00f3n - Recubplast","description":"empresa dedicada a la comercializaci\u00f3n de productos para la industria galv\u00e1nica que busca satisfacer los requisitos de sus clientes.","robots":{"index":"index","follow":"follow","max-snippet":"max-snippet:-1","max-image-preview":"max-image-preview:large","max-video-preview":"max-video-preview:-1"},"canonical":"https:\/\/recubplast.com.co\/en\/mision-y-vision-empresa-dedicada-a-la-comercializacion-de-productos-para-la-industria-galvanica\/","og_locale":"en_US","og_type":"article","og_title":"Misi\u00f3n y Visi\u00f3n - Recubplast","og_description":"empresa dedicada a la comercializaci\u00f3n de productos para la industria galv\u00e1nica que busca satisfacer los requisitos de sus clientes.","og_url":"https:\/\/recubplast.com.co\/en\/mision-y-vision-empresa-dedicada-a-la-comercializacion-de-productos-para-la-industria-galvanica\/","og_site_name":"Recubplast","article_modified_time":"2024-11-28T17:59:54+00:00","og_image":[{"width":1024,"height":768,"url":"https:\/\/recubplast.com.co\/wp-content\/uploads\/2024\/11\/LABORATORIO-QUIMICO-RECUB-1024x768.png","type":"image\/png"}],"twitter_card":"summary_large_image","twitter_misc":{"Est. reading time":"1 minute"},"schema":{"@context":"https:\/\/schema.org","@graph":[{"@type":"WebPage","@id":"https:\/\/recubplast.com.co\/mision-y-vision-empresa-dedicada-a-la-comercializacion-de-productos-para-la-industria-galvanica\/","url":"https:\/\/recubplast.com.co\/mision-y-vision-empresa-dedicada-a-la-comercializacion-de-productos-para-la-industria-galvanica\/","name":"Misi\u00f3n y Visi\u00f3n - Recubplast","isPartOf":{"@id":"https:\/\/recubplast.com.co\/#website"},"primaryImageOfPage":{"@id":"https:\/\/recubplast.com.co\/mision-y-vision-empresa-dedicada-a-la-comercializacion-de-productos-para-la-industria-galvanica\/#primaryimage"},"image":{"@id":"https:\/\/recubplast.com.co\/mision-y-vision-empresa-dedicada-a-la-comercializacion-de-productos-para-la-industria-galvanica\/#primaryimage"},"thumbnailUrl":"https:\/\/recubplast.com.co\/wp-content\/uploads\/2024\/11\/LABORATORIO-QUIMICO-RECUB-1024x768.png","datePublished":"2024-08-28T14:53:24+00:00","dateModified":"2024-11-28T17:59:54+00:00","description":"empresa dedicada a la comercializaci\u00f3n de productos para la industria galv\u00e1nica que busca satisfacer los requisitos de sus clientes.","breadcrumb":{"@id":"https:\/\/recubplast.com.co\/mision-y-vision-empresa-dedicada-a-la-comercializacion-de-productos-para-la-industria-galvanica\/#breadcrumb"},"inLanguage":"en-US","potentialAction":[{"@type":"ReadAction","target":["https:\/\/recubplast.com.co\/mision-y-vision-empresa-dedicada-a-la-comercializacion-de-productos-para-la-industria-galvanica\/"]}]},{"@type":"ImageObject","inLanguage":"en-US","@id":"https:\/\/recubplast.com.co\/mision-y-vision-empresa-dedicada-a-la-comercializacion-de-productos-para-la-industria-galvanica\/#primaryimage","url":"https:\/\/recubplast.com.co\/wp-content\/uploads\/2024\/11\/LABORATORIO-QUIMICO-RECUB-1024x768.png","contentUrl":"https:\/\/recubplast.com.co\/wp-content\/uploads\/2024\/11\/LABORATORIO-QUIMICO-RECUB-1024x768.png"},{"@type":"BreadcrumbList","@id":"https:\/\/recubplast.com.co\/mision-y-vision-empresa-dedicada-a-la-comercializacion-de-productos-para-la-industria-galvanica\/#breadcrumb","itemListElement":[{"@type":"ListItem","position":1,"name":"Inicio","item":"https:\/\/recubplast.com.co\/"},{"@type":"ListItem","position":2,"name":"Misi\u00f3n y Visi\u00f3n"}]},{"@type":"WebSite","@id":"https:\/\/recubplast.com.co\/#website","url":"https:\/\/recubplast.com.co\/","name":"Recubplast","description":"","publisher":{"@id":"https:\/\/recubplast.com.co\/#organization"},"potentialAction":[{"@type":"SearchAction","target":{"@type":"EntryPoint","urlTemplate":"https:\/\/recubplast.com.co\/?s={search_term_string}"},"query-input":{"@type":"PropertyValueSpecification","valueRequired":true,"valueName":"search_term_string"}}],"inLanguage":"en-US"},{"@type":"Organization","@id":"https:\/\/recubplast.com.co\/#organization","name":"Recubplast","url":"https:\/\/recubplast.com.co\/","logo":{"@type":"ImageObject","inLanguage":"en-US","@id":"https:\/\/recubplast.com.co\/#\/schema\/logo\/image\/","url":"https:\/\/recubplast.com.co\/wp-content\/uploads\/2025\/06\/cropped-WhatsApp-Image-2025-06-03-at-2.52.17-PM.png","contentUrl":"https:\/\/recubplast.com.co\/wp-content\/uploads\/2025\/06\/cropped-WhatsApp-Image-2025-06-03-at-2.52.17-PM.png","width":512,"height":512,"caption":"Recubplast"},"image":{"@id":"https:\/\/recubplast.com.co\/#\/schema\/logo\/image\/"}}]}},"_links":{"self":[{"href":"https:\/\/recubplast.com.co\/en\/wp-json\/wp\/v2\/pages\/148","targetHints":{"allow":["GET"]}}],"collection":[{"href":"https:\/\/recubplast.com.co\/en\/wp-json\/wp\/v2\/pages"}],"about":[{"href":"https:\/\/recubplast.com.co\/en\/wp-json\/wp\/v2\/types\/page"}],"author":[{"embeddable":true,"href":"https:\/\/recubplast.com.co\/en\/wp-json\/wp\/v2\/users\/1"}],"replies":[{"embeddable":true,"href":"https:\/\/recubplast.com.co\/en\/wp-json\/wp\/v2\/comments?post=148"}],"version-history":[{"count":4,"href":"https:\/\/recubplast.com.co\/en\/wp-json\/wp\/v2\/pages\/148\/revisions"}],"predecessor-version":[{"id":262,"href":"https:\/\/recubplast.com.co\/en\/wp-json\/wp\/v2\/pages\/148\/revisions\/262"}],"wp:attachment":[{"href":"https:\/\/recubplast.com.co\/en\/wp-json\/wp\/v2\/media?parent=148"}],"curies":[{"name":"wp","href":"https:\/\/api.w.org\/{rel}","templated":true}]}}