{"id":2,"date":"2024-03-11T21:09:14","date_gmt":"2024-03-12T02:09:14","guid":{"rendered":"https:\/\/recubplast.com.co\/?page_id=2"},"modified":"2025-06-19T12:12:39","modified_gmt":"2025-06-19T17:12:39","slug":"fabricacion-distribucion-de-productos-para-el-sector-galvanico","status":"publish","type":"page","link":"https:\/\/recubplast.com.co\/en\/fabricacion-distribucion-de-productos-para-el-sector-galvanico\/","title":{"rendered":"About Us"},"content":{"rendered":"<div class=\"wp-block-essential-blocks-slider  root-eb-slider-e155k\"><div class=\"eb-parent-wrapper eb-parent-eb-slider-e155k\"><div class=\"eb-slider-wrapper eb-slider-e155k\" data-blockid=\"eb-slider-e155k\" data-version=\"v3\" data-settings=\"eyJhcnJvd3MiOnRydWUsImFkYXB0aXZlSGVpZ2h0Ijp0cnVlLCJhdXRvcGxheSI6dHJ1ZSwiYXV0b3BsYXlTcGVlZCI6MzAwMCwiZG90cyI6dHJ1ZSwiZmFkZSI6ZmFsc2UsImluZmluaXRlIjp0cnVlLCJwYXVzZU9uSG92ZXIiOnRydWUsInNsaWRlc1RvU2hvdyI6MSwic3BlZWQiOjUwMCwidmVydGljYWwiOmZhbHNlLCJjdXJyZW50U2xpZGUiOjAsInJ0bCI6ZmFsc2UsInJlc3BvbnNpdmUiOlt7ImJyZWFrcG9pbnQiOjEwMjUsInNldHRpbmdzIjp7InNsaWRlc1RvU2hvdyI6MX19LHsiYnJlYWtwb2ludCI6NzY3LCJzZXR0aW5ncyI6eyJzbGlkZXNUb1Nob3ciOjF9fV19\" data-arrownexticon=\"fas fa-arrow-alt-circle-right\" data-arrowprevicon=\"fas fa-arrow-alt-circle-left\" data-lightbox=\"false\"><div class=\"eb-slider-init eb-slider-type-image\"><div class=\"eb-slider-item content-1\" data-src=\"https:\/\/recubplast.com.co\/wp-content\/uploads\/2025\/06\/Logo-1.jpeg\"><div><img class=\"eb-slider-image\" data-lazy=\"https:\/\/recubplast.com.co\/wp-content\/uploads\/2025\/06\/Logo-1.jpeg\"\/><\/div><\/div><div class=\"eb-slider-item content-1\" data-src=\"https:\/\/recubplast.com.co\/wp-content\/uploads\/2024\/09\/LOGO-FINAL-cmyk.png\"><div><img class=\"eb-slider-image\" data-lazy=\"https:\/\/recubplast.com.co\/wp-content\/uploads\/2024\/09\/LOGO-FINAL-cmyk.png\"\/><\/div><\/div><div class=\"eb-slider-item content-1\" data-src=\"https:\/\/recubplast.com.co\/wp-content\/uploads\/2025\/06\/WhatsApp-Image-2025-06-03-at-2.52.17-PM-1.png\"><div><img class=\"eb-slider-image\" data-lazy=\"https:\/\/recubplast.com.co\/wp-content\/uploads\/2025\/06\/WhatsApp-Image-2025-06-03-at-2.52.17-PM-1.png\"\/><\/div><\/div><\/div><\/div><\/div><\/div>\n\n\n\n<h2 class=\"wp-block-heading has-text-align-center is-style-default\" style=\"text-decoration:underline\">History<\/h2>\n\n\n\n<p><\/p>\n\n\n\n<div class=\"wp-block-essential-blocks-text  root-eb-text-uln14\"><div class=\"eb-parent-wrapper eb-parent-eb-text-uln14\"><div class=\"eb-text-wrapper eb-text-uln14\" data-id=\"eb-text-uln14\"><p class=\"eb-text\">En Recubplast Ltda, nuestra trayectoria de m\u00e1s de 30 a\u00f1os es un testimonio de dedicaci\u00f3n y compromiso con la excelencia. Fundada en 1992 por Luis Carlos y Ruth Betty en Mosquera, Cundinamarca, comenzamos como una empresa dedicada a la fabricaci\u00f3n y distribuci\u00f3n de productos para el sector galv\u00e1nico. A lo largo de los a\u00f1os, hemos evolucionado para adaptarnos a las necesidades del mercado, incorporando servicios de asistencia t\u00e9cnica e investigaci\u00f3n y desarrollo que complementan nuestro portafolio.<br>En 2016, decidimos regresar a nuestras ra\u00edces como fabricantes, desarrollando un portafolio completo de productos que incluye tanques de almacenamiento y gancheras personalizadas, siempre enfocados en ofrecer soluciones efectivas para el sector galv\u00e1nico. Contamos con un laboratorio avanzado que opera bajo rigurosos procedimientos estandarizados, garantizando la confiabilidad y precisi\u00f3n de nuestros resultados.<br>Adem\u00e1s, estamos certificados con <a href=\"http:\/\/chrome-extension:\/\/efaidnbmnnnibpcajpcglclefindmkaj\/https:\/\/repositorio.buap.mx\/rcontraloria\/public\/inf_public\/2019\/0\/NOM_ISO_9001-2015.pdf\">ISO 9001<\/a>, lo que refleja nuestro compromiso con la calidad y la satisfacci\u00f3n del cliente. Nuestro equipo humano altamente capacitado es nuestro activo m\u00e1s valioso, siempre listo para ofrecer asistencia t\u00e9cnica y comercial personalizada. En Recubplast Ltda, seguimos innovando y explorando nuevas oportunidades para fortalecer nuestra presencia en el sector galv\u00e1nico y brindar productos para el sector galv\u00e1nico que cumplan con los m\u00e1s altos est\u00e1ndares.<br>Te invitamos a ser parte de nuestra historia. Si buscas soluciones efectivas y personalizadas para tus procesos, no dudes en contactarnos. \u00a1Bienvenido a Recubplast Ltda, donde tu \u00e9xito es nuestra misi\u00f3n! Conoce nuestro equipo de trabajo, haz<em><a href=\"https:\/\/recubplast.com.co\/en\/nuestro-equipo-de-trabajo\/\"> click here<\/a><\/em>.<\/p><\/div><\/div><\/div>\n\n\n\n<p><\/p>","protected":false},"excerpt":{"rendered":"<p>History<\/p>","protected":false},"author":1,"featured_media":0,"parent":0,"menu_order":0,"comment_status":"closed","ping_status":"open","template":"","meta":{"_eb_attr":"","footnotes":""},"class_list":["post-2","page","type-page","status-publish","hentry"],"yoast_head":"<!-- This site is optimized with the Yoast SEO plugin v27.5 - https:\/\/yoast.com\/product\/yoast-seo-wordpress\/ -->\n<title>Sobre Nosotros - Recubplast<\/title>\n<meta name=\"description\" content=\"Empresa fundada en 1992 en Mosquera, Cundinamarca, se especializa en la fabricaci\u00f3n y distribuci\u00f3n de productos para el sector galv\u00e1nico.\" \/>\n<meta name=\"robots\" content=\"index, follow, max-snippet:-1, max-image-preview:large, max-video-preview:-1\" \/>\n<link rel=\"canonical\" href=\"https:\/\/recubplast.com.co\/en\/fabricacion-distribucion-de-productos-para-el-sector-galvanico\/\" \/>\n<meta property=\"og:locale\" content=\"en_US\" \/>\n<meta property=\"og:type\" content=\"article\" \/>\n<meta property=\"og:title\" content=\"Sobre Nosotros - Recubplast\" \/>\n<meta property=\"og:description\" content=\"Empresa fundada en 1992 en Mosquera, Cundinamarca, se especializa en la fabricaci\u00f3n y distribuci\u00f3n de productos para el sector galv\u00e1nico.\" \/>\n<meta property=\"og:url\" content=\"https:\/\/recubplast.com.co\/en\/fabricacion-distribucion-de-productos-para-el-sector-galvanico\/\" \/>\n<meta property=\"og:site_name\" content=\"Recubplast\" \/>\n<meta property=\"article:modified_time\" content=\"2025-06-19T17:12:39+00:00\" \/>\n<meta name=\"twitter:card\" content=\"summary_large_image\" \/>\n<meta name=\"twitter:label1\" content=\"Est. reading time\" \/>\n\t<meta name=\"twitter:data1\" content=\"2 minutes\" \/>\n<script type=\"application\/ld+json\" class=\"yoast-schema-graph\">{\"@context\":\"https:\\\/\\\/schema.org\",\"@graph\":[{\"@type\":\"WebPage\",\"@id\":\"https:\\\/\\\/recubplast.com.co\\\/fabricacion-distribucion-de-productos-para-el-sector-galvanico\\\/\",\"url\":\"https:\\\/\\\/recubplast.com.co\\\/fabricacion-distribucion-de-productos-para-el-sector-galvanico\\\/\",\"name\":\"Sobre Nosotros - Recubplast\",\"isPartOf\":{\"@id\":\"https:\\\/\\\/recubplast.com.co\\\/#website\"},\"datePublished\":\"2024-03-12T02:09:14+00:00\",\"dateModified\":\"2025-06-19T17:12:39+00:00\",\"description\":\"Empresa fundada en 1992 en Mosquera, Cundinamarca, se especializa en la fabricaci\u00f3n y distribuci\u00f3n de productos para el sector galv\u00e1nico.\",\"breadcrumb\":{\"@id\":\"https:\\\/\\\/recubplast.com.co\\\/fabricacion-distribucion-de-productos-para-el-sector-galvanico\\\/#breadcrumb\"},\"inLanguage\":\"en-US\",\"potentialAction\":[{\"@type\":\"ReadAction\",\"target\":[\"https:\\\/\\\/recubplast.com.co\\\/fabricacion-distribucion-de-productos-para-el-sector-galvanico\\\/\"]}]},{\"@type\":\"BreadcrumbList\",\"@id\":\"https:\\\/\\\/recubplast.com.co\\\/fabricacion-distribucion-de-productos-para-el-sector-galvanico\\\/#breadcrumb\",\"itemListElement\":[{\"@type\":\"ListItem\",\"position\":1,\"name\":\"Inicio\",\"item\":\"https:\\\/\\\/recubplast.com.co\\\/\"},{\"@type\":\"ListItem\",\"position\":2,\"name\":\"Sobre Nosotros\"}]},{\"@type\":\"WebSite\",\"@id\":\"https:\\\/\\\/recubplast.com.co\\\/#website\",\"url\":\"https:\\\/\\\/recubplast.com.co\\\/\",\"name\":\"Recubplast\",\"description\":\"\",\"publisher\":{\"@id\":\"https:\\\/\\\/recubplast.com.co\\\/#organization\"},\"potentialAction\":[{\"@type\":\"SearchAction\",\"target\":{\"@type\":\"EntryPoint\",\"urlTemplate\":\"https:\\\/\\\/recubplast.com.co\\\/?s={search_term_string}\"},\"query-input\":{\"@type\":\"PropertyValueSpecification\",\"valueRequired\":true,\"valueName\":\"search_term_string\"}}],\"inLanguage\":\"en-US\"},{\"@type\":\"Organization\",\"@id\":\"https:\\\/\\\/recubplast.com.co\\\/#organization\",\"name\":\"Recubplast\",\"url\":\"https:\\\/\\\/recubplast.com.co\\\/\",\"logo\":{\"@type\":\"ImageObject\",\"inLanguage\":\"en-US\",\"@id\":\"https:\\\/\\\/recubplast.com.co\\\/#\\\/schema\\\/logo\\\/image\\\/\",\"url\":\"https:\\\/\\\/recubplast.com.co\\\/wp-content\\\/uploads\\\/2025\\\/06\\\/cropped-WhatsApp-Image-2025-06-03-at-2.52.17-PM.png\",\"contentUrl\":\"https:\\\/\\\/recubplast.com.co\\\/wp-content\\\/uploads\\\/2025\\\/06\\\/cropped-WhatsApp-Image-2025-06-03-at-2.52.17-PM.png\",\"width\":512,\"height\":512,\"caption\":\"Recubplast\"},\"image\":{\"@id\":\"https:\\\/\\\/recubplast.com.co\\\/#\\\/schema\\\/logo\\\/image\\\/\"}}]}<\/script>\n<!-- \/ Yoast SEO plugin. -->","yoast_head_json":{"title":"Sobre Nosotros - Recubplast","description":"Empresa fundada en 1992 en Mosquera, Cundinamarca, se especializa en la fabricaci\u00f3n y distribuci\u00f3n de productos para el sector galv\u00e1nico.","robots":{"index":"index","follow":"follow","max-snippet":"max-snippet:-1","max-image-preview":"max-image-preview:large","max-video-preview":"max-video-preview:-1"},"canonical":"https:\/\/recubplast.com.co\/en\/fabricacion-distribucion-de-productos-para-el-sector-galvanico\/","og_locale":"en_US","og_type":"article","og_title":"Sobre Nosotros - Recubplast","og_description":"Empresa fundada en 1992 en Mosquera, Cundinamarca, se especializa en la fabricaci\u00f3n y distribuci\u00f3n de productos para el sector galv\u00e1nico.","og_url":"https:\/\/recubplast.com.co\/en\/fabricacion-distribucion-de-productos-para-el-sector-galvanico\/","og_site_name":"Recubplast","article_modified_time":"2025-06-19T17:12:39+00:00","twitter_card":"summary_large_image","twitter_misc":{"Est. reading time":"2 minutes"},"schema":{"@context":"https:\/\/schema.org","@graph":[{"@type":"WebPage","@id":"https:\/\/recubplast.com.co\/fabricacion-distribucion-de-productos-para-el-sector-galvanico\/","url":"https:\/\/recubplast.com.co\/fabricacion-distribucion-de-productos-para-el-sector-galvanico\/","name":"Sobre Nosotros - Recubplast","isPartOf":{"@id":"https:\/\/recubplast.com.co\/#website"},"datePublished":"2024-03-12T02:09:14+00:00","dateModified":"2025-06-19T17:12:39+00:00","description":"Empresa fundada en 1992 en Mosquera, Cundinamarca, se especializa en la fabricaci\u00f3n y distribuci\u00f3n de productos para el sector galv\u00e1nico.","breadcrumb":{"@id":"https:\/\/recubplast.com.co\/fabricacion-distribucion-de-productos-para-el-sector-galvanico\/#breadcrumb"},"inLanguage":"en-US","potentialAction":[{"@type":"ReadAction","target":["https:\/\/recubplast.com.co\/fabricacion-distribucion-de-productos-para-el-sector-galvanico\/"]}]},{"@type":"BreadcrumbList","@id":"https:\/\/recubplast.com.co\/fabricacion-distribucion-de-productos-para-el-sector-galvanico\/#breadcrumb","itemListElement":[{"@type":"ListItem","position":1,"name":"Inicio","item":"https:\/\/recubplast.com.co\/"},{"@type":"ListItem","position":2,"name":"Sobre Nosotros"}]},{"@type":"WebSite","@id":"https:\/\/recubplast.com.co\/#website","url":"https:\/\/recubplast.com.co\/","name":"Recubplast","description":"","publisher":{"@id":"https:\/\/recubplast.com.co\/#organization"},"potentialAction":[{"@type":"SearchAction","target":{"@type":"EntryPoint","urlTemplate":"https:\/\/recubplast.com.co\/?s={search_term_string}"},"query-input":{"@type":"PropertyValueSpecification","valueRequired":true,"valueName":"search_term_string"}}],"inLanguage":"en-US"},{"@type":"Organization","@id":"https:\/\/recubplast.com.co\/#organization","name":"Recubplast","url":"https:\/\/recubplast.com.co\/","logo":{"@type":"ImageObject","inLanguage":"en-US","@id":"https:\/\/recubplast.com.co\/#\/schema\/logo\/image\/","url":"https:\/\/recubplast.com.co\/wp-content\/uploads\/2025\/06\/cropped-WhatsApp-Image-2025-06-03-at-2.52.17-PM.png","contentUrl":"https:\/\/recubplast.com.co\/wp-content\/uploads\/2025\/06\/cropped-WhatsApp-Image-2025-06-03-at-2.52.17-PM.png","width":512,"height":512,"caption":"Recubplast"},"image":{"@id":"https:\/\/recubplast.com.co\/#\/schema\/logo\/image\/"}}]}},"_links":{"self":[{"href":"https:\/\/recubplast.com.co\/en\/wp-json\/wp\/v2\/pages\/2","targetHints":{"allow":["GET"]}}],"collection":[{"href":"https:\/\/recubplast.com.co\/en\/wp-json\/wp\/v2\/pages"}],"about":[{"href":"https:\/\/recubplast.com.co\/en\/wp-json\/wp\/v2\/types\/page"}],"author":[{"embeddable":true,"href":"https:\/\/recubplast.com.co\/en\/wp-json\/wp\/v2\/users\/1"}],"replies":[{"embeddable":true,"href":"https:\/\/recubplast.com.co\/en\/wp-json\/wp\/v2\/comments?post=2"}],"version-history":[{"count":16,"href":"https:\/\/recubplast.com.co\/en\/wp-json\/wp\/v2\/pages\/2\/revisions"}],"predecessor-version":[{"id":433,"href":"https:\/\/recubplast.com.co\/en\/wp-json\/wp\/v2\/pages\/2\/revisions\/433"}],"wp:attachment":[{"href":"https:\/\/recubplast.com.co\/en\/wp-json\/wp\/v2\/media?parent=2"}],"curies":[{"name":"wp","href":"https:\/\/api.w.org\/{rel}","templated":true}]}}