{"id":339,"date":"2025-04-23T14:17:12","date_gmt":"2025-04-23T19:17:12","guid":{"rendered":"https:\/\/recubplast.com.co\/?page_id=339"},"modified":"2025-05-14T09:11:30","modified_gmt":"2025-05-14T14:11:30","slug":"pqrs","status":"publish","type":"page","link":"https:\/\/recubplast.com.co\/en\/pqrs\/","title":{"rendered":"QRSF"},"content":{"rendered":"\n<p>En\u00a0<strong>Recubplast Ltda<\/strong>, estamos comprometidos con la excelencia en nuestros servicios y la satisfacci\u00f3n de nuestros clientes. Por eso, ponemos a tu disposici\u00f3n este canal para que puedas enviarnos tus Solicitudes, Quejas, Reclamos y Felicitaciones. Tu opini\u00f3n es fundamental para mejorar continuamente y ofrecerte soluciones efectivas.<\/p>\n\n\n\n<p>Para atenderte de manera r\u00e1pida y eficiente, por favor completa el siguiente formulario con la informaci\u00f3n requerida:<\/p>\n\n\n<div class=\"wpforms-container wpforms-container-full wpforms-block wpforms-block-5cb64943-ff6f-49b5-b26e-c2db0b3e2fef wpforms-render-modern\" id=\"wpforms-342\"><form id=\"wpforms-form-342\" class=\"wpforms-validate wpforms-form wpforms-ajax-form\" data-formid=\"342\" method=\"post\" enctype=\"multipart\/form-data\" action=\"\/en\/wp-json\/wp\/v2\/pages\/339\" data-token=\"373def7fbd7269f20ded63c9f64f691e\" data-token-time=\"1778319894\"><noscript class=\"wpforms-error-noscript\">Please enable JavaScript in your browser to complete this form.<\/noscript><div id=\"wpforms-error-noscript\" style=\"display: none;\">Please enable JavaScript in your browser to complete this form.<\/div><div class=\"wpforms-field-container\">\t\t<div id=\"wpforms-342-field_4-container\"\n\t\t\tclass=\"wpforms-field wpforms-field-text\"\n\t\t\tdata-field-type=\"text\"\n\t\t\tdata-field-id=\"4\"\n\t\t\t>\n\t\t\t<label class=\"wpforms-field-label\" for=\"wpforms-342-field_4\" >Correo Mensaje Correo<\/label>\n\t\t\t<input type=\"text\" id=\"wpforms-342-field_4\" class=\"wpforms-field-medium\" name=\"wpforms[fields][4]\" >\n\t\t<\/div>\n\t\t<div id=\"wpforms-342-field_2-container\" class=\"wpforms-field wpforms-field-name\" data-field-id=\"2\"><fieldset><legend class=\"wpforms-field-label\">Nombre <span class=\"wpforms-required-label\" aria-hidden=\"true\">*<\/span><\/legend><div class=\"wpforms-field-row wpforms-field-medium\"><div class=\"wpforms-field-row-block wpforms-first wpforms-one-half\"><input type=\"text\" id=\"wpforms-342-field_2\" class=\"wpforms-field-name-first wpforms-field-required\" name=\"wpforms[fields][2][first]\" aria-errormessage=\"wpforms-342-field_2-error\" required><label for=\"wpforms-342-field_2\" class=\"wpforms-field-sublabel after\">First<\/label><\/div><div class=\"wpforms-field-row-block wpforms-one-half\"><input type=\"text\" id=\"wpforms-342-field_2-last\" class=\"wpforms-field-name-last wpforms-field-required\" name=\"wpforms[fields][2][last]\" aria-errormessage=\"wpforms-342-field_2-last-error\" required><label for=\"wpforms-342-field_2-last\" class=\"wpforms-field-sublabel after\">Last<\/label><\/div><\/div><\/fieldset><\/div><div id=\"wpforms-342-field_3-container\" class=\"wpforms-field wpforms-field-email\" data-field-id=\"3\"><label class=\"wpforms-field-label\" for=\"wpforms-342-field_3\">Correo electr\u00f3nico <span class=\"wpforms-required-label\" aria-hidden=\"true\">*<\/span><\/label><input type=\"email\" id=\"wpforms-342-field_3\" class=\"wpforms-field-medium wpforms-field-required\" name=\"wpforms[fields][3]\" spellcheck=\"false\" aria-errormessage=\"wpforms-342-field_3-error\" required><\/div><div id=\"wpforms-342-field_1-container\" class=\"wpforms-field wpforms-field-select wpforms-field-select-style-classic\" data-field-id=\"1\"><label class=\"wpforms-field-label\" for=\"wpforms-342-field_1\">Escoge una opcion<\/label><select id=\"wpforms-342-field_1\" class=\"wpforms-field-medium\" name=\"wpforms[fields][1]\"><option value=\"Queja\"  class=\"choice-1 depth-1\"  >Queja<\/option><option value=\"Reclamo\"  class=\"choice-2 depth-1\"  >Reclamo<\/option><option value=\"Solicitud\"  class=\"choice-3 depth-1\"  >Solicitud<\/option><option value=\"Felicitaciones\"  class=\"choice-4 depth-1\"  >Felicitaciones<\/option><\/select><div id=\"wpforms-342-field_1-description\" class=\"wpforms-field-description\">En esta casilla podras elegir el tipo de mensaje que quieres enviarnos.<\/div><\/div><div id=\"wpforms-342-field_7-container\" class=\"wpforms-field wpforms-field-textarea\" data-field-id=\"7\"><label class=\"wpforms-field-label\" for=\"wpforms-342-field_7\">Mensaje <span class=\"wpforms-required-label\" aria-hidden=\"true\">*<\/span><\/label><textarea id=\"wpforms-342-field_7\" class=\"wpforms-field-medium wpforms-field-required\" name=\"wpforms[fields][7]\" aria-errormessage=\"wpforms-342-field_7-error\" aria-describedby=\"wpforms-342-field_7-description\" required><\/textarea><div id=\"wpforms-342-field_7-description\" class=\"wpforms-field-description\">D\u00e9janos saber tu opini\u00f3n aqu\u00ed.<\/div><\/div><div id=\"wpforms-342-field_8-container\" class=\"wpforms-field wpforms-field-email\" data-field-id=\"8\"><label class=\"wpforms-field-label\" for=\"wpforms-342-field_8\">Correo electr\u00f3nico <span class=\"wpforms-required-label\" aria-hidden=\"true\">*<\/span><\/label><input type=\"email\" id=\"wpforms-342-field_8\" class=\"wpforms-field-medium wpforms-field-required\" name=\"wpforms[fields][8]\" spellcheck=\"false\" aria-errormessage=\"wpforms-342-field_8-error\" required><\/div><script>\n\t\t\t\t( function() {\n\t\t\t\t\tconst style = document.createElement( 'style' );\n\t\t\t\t\tstyle.appendChild( document.createTextNode( '#wpforms-342-field_4-container { position: absolute !important; overflow: hidden !important; display: inline !important; height: 1px !important; width: 1px !important; z-index: -1000 !important; padding: 0 !important; } #wpforms-342-field_4-container input { visibility: hidden; } #wpforms-conversational-form-page #wpforms-342-field_4-container label { counter-increment: none; }' ) );\n\t\t\t\t\tdocument.head.appendChild( style );\n\t\t\t\t\tdocument.currentScript?.remove();\n\t\t\t\t} )();\n\t\t\t<\/script><\/div><!-- .wpforms-field-container --><div class=\"wpforms-submit-container\" ><input type=\"hidden\" name=\"wpforms[id]\" value=\"342\"><input type=\"hidden\" name=\"page_title\" value=\"\"><input type=\"hidden\" name=\"page_url\" value=\"https:\/\/recubplast.com.co\/en\/wp-json\/wp\/v2\/pages\/339\"><input type=\"hidden\" name=\"url_referer\" value=\"\"><button type=\"submit\" name=\"wpforms[submit]\" id=\"wpforms-submit-342\" class=\"wpforms-submit\" data-alt-text=\"Enviando...\" data-submit-text=\"Enviar\" aria-live=\"assertive\" value=\"wpforms-submit\">Enviar<\/button><img loading=\"lazy\" decoding=\"async\" src=\"https:\/\/recubplast.com.co\/wp-content\/plugins\/wpforms-lite\/assets\/images\/submit-spin.svg\" class=\"wpforms-submit-spinner\" style=\"display: none;\" width=\"26\" height=\"26\" alt=\"Loading\"><\/div><\/form><\/div>  <!-- .wpforms-container -->\n\n\n<h2 class=\"wp-block-heading\">Compromiso Recubplast Ltda<\/h2>\n\n\n\n<ul class=\"wp-block-list\">\n<li>Confirmaremos la recepci\u00f3n de tu PQRS en un plazo m\u00e1ximo de 2 d\u00edas h\u00e1biles.<\/li>\n\n\n\n<li>Te informaremos sobre el estado y avances de tu solicitud durante el proceso.<\/li>\n\n\n\n<li>Daremos respuesta final en un tiempo no mayor a 15 d\u00edas h\u00e1biles, seg\u00fan la complejidad del caso.<\/li>\n\n\n\n<li>Garantizamos la confidencialidad y el respeto a tus datos personales conforme a la ley vigente.<\/li>\n<\/ul>\n\n\n\n<h2 class=\"wp-block-heading\">Contacto directo<\/h2>\n\n\n\n<p>Si prefieres, puedes comunicarte con nosotros a trav\u00e9s de:<\/p>\n\n\n\n<ul class=\"wp-block-list\">\n<li>Tel\u00e9fono: 8276218 \/ 300 202 0655<\/li>\n\n\n\n<li>Correo electr\u00f3nico:\u00a0<a href=\"mailto:contacto@recubplast.com.co\" target=\"_blank\" rel=\"noreferrer noopener\">contacto@recubplast.com.co<\/a><\/li>\n\n\n\n<li>Direcci\u00f3n: Calle 5 # 1-81, Mosquera, Cundinamarca, Colombia<\/li>\n<\/ul>\n\n\n\n<p>Gracias por confiar en&nbsp;<strong>Recubplast Ltda<\/strong>. Estamos comprometidos con la calidad y la mejora continua para brindarte el mejor servicio.<\/p>\n","protected":false},"excerpt":{"rendered":"<p>En\u00a0Recubplast Ltda, estamos comprometidos con la excelencia en nuestros servicios y la satisfacci\u00f3n de nuestros clientes. Por eso, ponemos a tu disposici\u00f3n este canal para que puedas enviarnos tus Solicitudes, Quejas, Reclamos y Felicitaciones. Tu opini\u00f3n es fundamental para mejorar continuamente y ofrecerte soluciones efectivas. Para atenderte de manera r\u00e1pida y eficiente, por favor completa [&hellip;]<\/p>\n","protected":false},"author":1,"featured_media":0,"parent":0,"menu_order":0,"comment_status":"closed","ping_status":"closed","template":"","meta":{"_eb_attr":"","footnotes":""},"class_list":["post-339","page","type-page","status-publish","hentry"],"yoast_head":"<!-- This site is optimized with the Yoast SEO plugin v27.5 - https:\/\/yoast.com\/product\/yoast-seo-wordpress\/ -->\n<title>QRSF - Recubplast<\/title>\n<meta name=\"robots\" content=\"index, follow, max-snippet:-1, max-image-preview:large, max-video-preview:-1\" \/>\n<link rel=\"canonical\" href=\"https:\/\/recubplast.com.co\/en\/pqrs\/\" \/>\n<meta property=\"og:locale\" content=\"en_US\" \/>\n<meta property=\"og:type\" content=\"article\" \/>\n<meta property=\"og:title\" content=\"QRSF - Recubplast\" \/>\n<meta property=\"og:description\" content=\"En\u00a0Recubplast Ltda, estamos comprometidos con la excelencia en nuestros servicios y la satisfacci\u00f3n de nuestros clientes. Por eso, ponemos a tu disposici\u00f3n este canal para que puedas enviarnos tus Solicitudes, Quejas, Reclamos y Felicitaciones. Tu opini\u00f3n es fundamental para mejorar continuamente y ofrecerte soluciones efectivas. Para atenderte de manera r\u00e1pida y eficiente, por favor completa [&hellip;]\" \/>\n<meta property=\"og:url\" content=\"https:\/\/recubplast.com.co\/en\/pqrs\/\" \/>\n<meta property=\"og:site_name\" content=\"Recubplast\" \/>\n<meta property=\"article:modified_time\" content=\"2025-05-14T14:11:30+00:00\" \/>\n<meta name=\"twitter:card\" content=\"summary_large_image\" \/>\n<meta name=\"twitter:label1\" content=\"Est. reading time\" \/>\n\t<meta name=\"twitter:data1\" content=\"1 minute\" \/>\n<script type=\"application\/ld+json\" class=\"yoast-schema-graph\">{\"@context\":\"https:\\\/\\\/schema.org\",\"@graph\":[{\"@type\":\"WebPage\",\"@id\":\"https:\\\/\\\/recubplast.com.co\\\/pqrs\\\/\",\"url\":\"https:\\\/\\\/recubplast.com.co\\\/pqrs\\\/\",\"name\":\"QRSF - Recubplast\",\"isPartOf\":{\"@id\":\"https:\\\/\\\/recubplast.com.co\\\/#website\"},\"datePublished\":\"2025-04-23T19:17:12+00:00\",\"dateModified\":\"2025-05-14T14:11:30+00:00\",\"breadcrumb\":{\"@id\":\"https:\\\/\\\/recubplast.com.co\\\/pqrs\\\/#breadcrumb\"},\"inLanguage\":\"en-US\",\"potentialAction\":[{\"@type\":\"ReadAction\",\"target\":[\"https:\\\/\\\/recubplast.com.co\\\/pqrs\\\/\"]}]},{\"@type\":\"BreadcrumbList\",\"@id\":\"https:\\\/\\\/recubplast.com.co\\\/pqrs\\\/#breadcrumb\",\"itemListElement\":[{\"@type\":\"ListItem\",\"position\":1,\"name\":\"Inicio\",\"item\":\"https:\\\/\\\/recubplast.com.co\\\/\"},{\"@type\":\"ListItem\",\"position\":2,\"name\":\"QRSF\"}]},{\"@type\":\"WebSite\",\"@id\":\"https:\\\/\\\/recubplast.com.co\\\/#website\",\"url\":\"https:\\\/\\\/recubplast.com.co\\\/\",\"name\":\"Recubplast\",\"description\":\"\",\"publisher\":{\"@id\":\"https:\\\/\\\/recubplast.com.co\\\/#organization\"},\"potentialAction\":[{\"@type\":\"SearchAction\",\"target\":{\"@type\":\"EntryPoint\",\"urlTemplate\":\"https:\\\/\\\/recubplast.com.co\\\/?s={search_term_string}\"},\"query-input\":{\"@type\":\"PropertyValueSpecification\",\"valueRequired\":true,\"valueName\":\"search_term_string\"}}],\"inLanguage\":\"en-US\"},{\"@type\":\"Organization\",\"@id\":\"https:\\\/\\\/recubplast.com.co\\\/#organization\",\"name\":\"Recubplast\",\"url\":\"https:\\\/\\\/recubplast.com.co\\\/\",\"logo\":{\"@type\":\"ImageObject\",\"inLanguage\":\"en-US\",\"@id\":\"https:\\\/\\\/recubplast.com.co\\\/#\\\/schema\\\/logo\\\/image\\\/\",\"url\":\"https:\\\/\\\/recubplast.com.co\\\/wp-content\\\/uploads\\\/2025\\\/06\\\/cropped-WhatsApp-Image-2025-06-03-at-2.52.17-PM.png\",\"contentUrl\":\"https:\\\/\\\/recubplast.com.co\\\/wp-content\\\/uploads\\\/2025\\\/06\\\/cropped-WhatsApp-Image-2025-06-03-at-2.52.17-PM.png\",\"width\":512,\"height\":512,\"caption\":\"Recubplast\"},\"image\":{\"@id\":\"https:\\\/\\\/recubplast.com.co\\\/#\\\/schema\\\/logo\\\/image\\\/\"}}]}<\/script>\n<!-- \/ Yoast SEO plugin. -->","yoast_head_json":{"title":"QRSF - Recubplast","robots":{"index":"index","follow":"follow","max-snippet":"max-snippet:-1","max-image-preview":"max-image-preview:large","max-video-preview":"max-video-preview:-1"},"canonical":"https:\/\/recubplast.com.co\/en\/pqrs\/","og_locale":"en_US","og_type":"article","og_title":"QRSF - Recubplast","og_description":"En\u00a0Recubplast Ltda, estamos comprometidos con la excelencia en nuestros servicios y la satisfacci\u00f3n de nuestros clientes. Por eso, ponemos a tu disposici\u00f3n este canal para que puedas enviarnos tus Solicitudes, Quejas, Reclamos y Felicitaciones. Tu opini\u00f3n es fundamental para mejorar continuamente y ofrecerte soluciones efectivas. Para atenderte de manera r\u00e1pida y eficiente, por favor completa [&hellip;]","og_url":"https:\/\/recubplast.com.co\/en\/pqrs\/","og_site_name":"Recubplast","article_modified_time":"2025-05-14T14:11:30+00:00","twitter_card":"summary_large_image","twitter_misc":{"Est. reading time":"1 minute"},"schema":{"@context":"https:\/\/schema.org","@graph":[{"@type":"WebPage","@id":"https:\/\/recubplast.com.co\/pqrs\/","url":"https:\/\/recubplast.com.co\/pqrs\/","name":"QRSF - Recubplast","isPartOf":{"@id":"https:\/\/recubplast.com.co\/#website"},"datePublished":"2025-04-23T19:17:12+00:00","dateModified":"2025-05-14T14:11:30+00:00","breadcrumb":{"@id":"https:\/\/recubplast.com.co\/pqrs\/#breadcrumb"},"inLanguage":"en-US","potentialAction":[{"@type":"ReadAction","target":["https:\/\/recubplast.com.co\/pqrs\/"]}]},{"@type":"BreadcrumbList","@id":"https:\/\/recubplast.com.co\/pqrs\/#breadcrumb","itemListElement":[{"@type":"ListItem","position":1,"name":"Inicio","item":"https:\/\/recubplast.com.co\/"},{"@type":"ListItem","position":2,"name":"QRSF"}]},{"@type":"WebSite","@id":"https:\/\/recubplast.com.co\/#website","url":"https:\/\/recubplast.com.co\/","name":"Recubplast","description":"","publisher":{"@id":"https:\/\/recubplast.com.co\/#organization"},"potentialAction":[{"@type":"SearchAction","target":{"@type":"EntryPoint","urlTemplate":"https:\/\/recubplast.com.co\/?s={search_term_string}"},"query-input":{"@type":"PropertyValueSpecification","valueRequired":true,"valueName":"search_term_string"}}],"inLanguage":"en-US"},{"@type":"Organization","@id":"https:\/\/recubplast.com.co\/#organization","name":"Recubplast","url":"https:\/\/recubplast.com.co\/","logo":{"@type":"ImageObject","inLanguage":"en-US","@id":"https:\/\/recubplast.com.co\/#\/schema\/logo\/image\/","url":"https:\/\/recubplast.com.co\/wp-content\/uploads\/2025\/06\/cropped-WhatsApp-Image-2025-06-03-at-2.52.17-PM.png","contentUrl":"https:\/\/recubplast.com.co\/wp-content\/uploads\/2025\/06\/cropped-WhatsApp-Image-2025-06-03-at-2.52.17-PM.png","width":512,"height":512,"caption":"Recubplast"},"image":{"@id":"https:\/\/recubplast.com.co\/#\/schema\/logo\/image\/"}}]}},"_links":{"self":[{"href":"https:\/\/recubplast.com.co\/en\/wp-json\/wp\/v2\/pages\/339","targetHints":{"allow":["GET"]}}],"collection":[{"href":"https:\/\/recubplast.com.co\/en\/wp-json\/wp\/v2\/pages"}],"about":[{"href":"https:\/\/recubplast.com.co\/en\/wp-json\/wp\/v2\/types\/page"}],"author":[{"embeddable":true,"href":"https:\/\/recubplast.com.co\/en\/wp-json\/wp\/v2\/users\/1"}],"replies":[{"embeddable":true,"href":"https:\/\/recubplast.com.co\/en\/wp-json\/wp\/v2\/comments?post=339"}],"version-history":[{"count":4,"href":"https:\/\/recubplast.com.co\/en\/wp-json\/wp\/v2\/pages\/339\/revisions"}],"predecessor-version":[{"id":373,"href":"https:\/\/recubplast.com.co\/en\/wp-json\/wp\/v2\/pages\/339\/revisions\/373"}],"wp:attachment":[{"href":"https:\/\/recubplast.com.co\/en\/wp-json\/wp\/v2\/media?parent=339"}],"curies":[{"name":"wp","href":"https:\/\/api.w.org\/{rel}","templated":true}]}}