{"id":41,"date":"2024-03-12T20:50:10","date_gmt":"2024-03-13T01:50:10","guid":{"rendered":"https:\/\/recubplast.com.co\/?page_id=41"},"modified":"2025-01-20T11:08:13","modified_gmt":"2025-01-20T16:08:13","slug":"otras-aplicaciones-industriales-el-recubrimiento-de-niquel-quimico","status":"publish","type":"page","link":"https:\/\/recubplast.com.co\/en\/otras-aplicaciones-industriales-el-recubrimiento-de-niquel-quimico\/","title":{"rendered":"Other Industrial Applications"},"content":{"rendered":"<figure class=\"wp-block-image alignwide size-large\"><img loading=\"lazy\" decoding=\"async\" width=\"1024\" height=\"186\" src=\"https:\/\/recubplast.com.co\/wp-content\/uploads\/2024\/03\/bannerAplicacionesIndustriales-1024x186.png\" alt=\"El recubrimiento de n\u00edquel qu\u00edmico\" class=\"wp-image-42\" srcset=\"https:\/\/recubplast.com.co\/wp-content\/uploads\/2024\/03\/bannerAplicacionesIndustriales-1024x186.png 1024w, https:\/\/recubplast.com.co\/wp-content\/uploads\/2024\/03\/bannerAplicacionesIndustriales-300x55.png 300w, https:\/\/recubplast.com.co\/wp-content\/uploads\/2024\/03\/bannerAplicacionesIndustriales-768x140.png 768w, https:\/\/recubplast.com.co\/wp-content\/uploads\/2024\/03\/bannerAplicacionesIndustriales.png 1440w\" sizes=\"auto, (max-width: 1024px) 100vw, 1024px\" \/><\/figure>\n\n\n\n<h2 class=\"wp-block-heading alignwide has-text-align-left\" style=\"font-size:clamp(0.929rem, 0.929rem + ((1vw - 0.2rem) * 0.785), 1.4rem);\"><em>Chemical nickel plating, also known as electroless nickel plating, stands out for its ability to provide a uniform coating, even on parts with complex geometries, including those with hard-to-reach internal surfaces. <\/em><\/h2>\n\n\n\n<h2 class=\"wp-block-heading alignwide has-text-align-left\" style=\"font-size:clamp(0.929rem, 0.929rem + ((1vw - 0.2rem) * 0.785), 1.4rem);\"><em>This type of coating not only offers an attractive aesthetic appearance but is also characterized by its high hardness, making it an ideal choice for applications requiring wear resistance.<\/em><\/h2>\n\n\n\n<h2 class=\"wp-block-heading alignwide has-text-align-left\" style=\"font-size:clamp(0.929rem, 0.929rem + ((1vw - 0.2rem) * 0.785), 1.4rem);\"><em> Additionally, its excellent corrosion protection ensures greater durability of treated components, which is essential in harsh environments.<span class=\"mt-md block\" style=\"box-sizing: border-box; border: 0px solid rgb(229, 231, 235); scrollbar-color: auto; scrollbar-width: auto; --tw-border-spacing-x: 0; --tw-border-spacing-y: 0; --tw-translate-x: 0; --tw-translate-y: 0; --tw-rotate: 0; --tw-skew-x: 0; --tw-skew-y: 0; --tw-scale-x: 1; --tw-scale-y: 1; --tw-pan-x: ; --tw-pan-y: ; --tw-pinch-zoom: ; --tw-scroll-snap-strictness: proximity; --tw-gradient-from-position: ; --tw-gradient-via-position: ; --tw-gradient-to-position: ; --tw-ordinal: ; --tw-slashed-zero: ; --tw-numeric-figure: ; --tw-numeric-spacing: ; --tw-numeric-fraction: ; --tw-ring-inset: ; --tw-ring-offset-width: 0px; --tw-ring-offset-color: #fff; --tw-ring-color: rgba(59,130,246,.5); --tw-ring-offset-shadow: 0 0 #0000; --tw-ring-shadow: 0 0 #0000; --tw-shadow: 0 0 #0000; --tw-shadow-colored: 0 0 #0000; --tw-blur: ; --tw-brightness: ; --tw-contrast: ; --tw-grayscale: ; --tw-hue-rotate: ; --tw-invert: ; --tw-saturate: ; --tw-sepia: ; --tw-drop-shadow: ; --tw-backdrop-blur: ; --tw-backdrop-brightness: ; --tw-backdrop-contrast: ; --tw-backdrop-grayscale: ; --tw-backdrop-hue-rotate: ; --tw-backdrop-invert: ; --tw-backdrop-opacity: ; --tw-backdrop-saturate: ; --tw-backdrop-sepia: ; --tw-contain-size: ; --tw-contain-layout: ; --tw-contain-paint: ; --tw-contain-style: ; margin-top: var(--size-md); display: block; color: oklch(0.304 0.04 213.681); font-family: __fkGroteskNeue_598ab8, __fkGroteskNeue_Fallback_598ab8, ui-sans-serif, system-ui, -apple-system, BlinkMacSystemFont, &quot;Segoe UI&quot;, Roboto, &quot;Helvetica Neue&quot;, Arial, &quot;Noto Sans&quot;, sans-serif, &quot;Apple Color Emoji&quot;, &quot;Segoe UI Emoji&quot;, &quot;Segoe UI Symbol&quot;, &quot;Noto Color Emoji&quot;; font-size: 16px; text-align: start; white-space-collapse: collapse; background-color: oklch(0.99 0.004 106.471);\"><\/span>Because of these outstanding properties, chemical nickel plating has been widely adopted across various industrial sectors. <\/em><\/h2>\n\n\n\n<h2 class=\"wp-block-heading alignwide has-text-align-left\" style=\"font-size:clamp(0.929rem, 0.929rem + ((1vw - 0.2rem) * 0.785), 1.4rem);\"><em>For instance, it is used in the manufacture of automotive components where corrosion and wear resistance are crucial for the vehicles performance and safety<\/em><\/h2>\n\n\n\n<h2 class=\"wp-block-heading alignwide has-text-align-left\" style=\"font-size:clamp(0.929rem, 0.929rem + ((1vw - 0.2rem) * 0.785), 1.4rem);\"><em> It is also used in the electronics industry in order to protect circuits and sensitive components. It is also common in the production of tools and machinery where durability and reliability are essential. <\/em><\/h2>\n\n\n\n<h2 class=\"wp-block-heading alignwide has-text-align-left\" style=\"font-size:clamp(0.929rem, 0.929rem + ((1vw - 0.2rem) * 0.785), 1.4rem);\"><em>In summary, electroless nickel plating not only enhances the products\u2019 physical properties, but also extends their lifespan and optimizes their performance in various industrial applications.<\/em><\/h2>\n\n\n\n<h2 class=\"wp-block-heading\">Products<\/h2>\n\n\n\n<details class=\"wp-block-details is-layout-flow wp-block-details-is-layout-flow\"><summary><strong><em>Electroless Nickel Plating for Printed Circuit Boards<\/em><\/strong><\/summary>\n<p>The printed circuit board is a surface composed of conductive tracks laminated into a non-conductive one. It is used to electrically connect the surface on which the components will be assembled.<\/p>\n\n\n\n<p class=\"has-text-color has-link-color wp-elements-0818d6c1042e8ff3edbf2a0f08a46da1\" style=\"color:#aa1d21\"><strong>ACTIVION-C13<\/strong><\/p>\n\n\n\n<p>It is an ionic activator based on palladium, used in the formation and maintenance of the sensitization solution. It is used in printed circuit boards as an alternative step to electroless nickel plating application.<\/p>\n\n\n\n<p class=\"has-text-color has-link-color wp-elements-2d2842bd1aa98e83b4fcbd9eeba8ee0a\" style=\"color:#aa1d21\"><strong>PREDIP C-40<\/strong><\/p>\n\n\n\n<p>It is a concentrated product, specially formulated to enhance the adhesion of palladium colloid in the circuit board and to avoid any possible contamination.<\/p>\n\n\n\n<p class=\"has-text-color has-link-color wp-elements-95cbbb440e3941322bdef18e31e4012f\" style=\"color:#aa1d21\">\u00a0<strong>ACONDICIONADOR C-27<\/strong><\/p>\n\n\n\n<p>It is an alkaline mixture specially formulated to prepare and facilitate the coating of fiberglass and to promote the adhesion of the copper layer on the non-conductive material in the circuit boards.&nbsp;<\/p>\n\n\n\n<p class=\"has-text-color has-link-color wp-elements-66320c2e2cf5d211c5b96fe02271c84c\" style=\"color:#aa1d21\"><strong>ACTIVADOR PL 52 <\/strong><\/p>\n\n\n\n<p class=\"has-contrast-color has-text-color has-link-color wp-elements-e0ace45cfcf35a0a5239fc1d5dbfbd67\">It is a concentrated liquid colloid formulated to provide the needed amount of colloidal palladium in the nickel metallization process, in circuit boards.<\/p>\n\n\n\n<p class=\"has-text-color has-link-color wp-elements-34470bf6a6b3758a7af8390805e2c6a4\" style=\"color:#aa1d21\"><strong>ESTABILIZANTE PL 54<\/strong><\/p>\n\n\n\n<p> It is a concentrated product specially formulated to provide the necessary tin for the stability, formation and maintenance of the solutions of ACTIVADOR PL.<\/p>\n\n\n\n<p class=\"has-text-color has-link-color wp-elements-65d728b397812b3374726fecf239c5f2\" style=\"color:#aa1d21\"><strong>RECUBPLEX CI-60<\/strong><\/p>\n\n\n\n<p>It is a special mixture of solid biodegradable products that when dissolved in water prepares the surfaces of the drills, previously activated with the ACTIVADOR PL for the subsequent deposit of electroless nickel, guaranteeing a uniform deposit.<\/p>\n\n\n\n<p class=\"has-text-color has-link-color wp-elements-72c646de3d9353ff918d4a230f3b765f\" style=\"color:#aa1d21\"><strong>CIRCUIT NI-600<\/strong><\/p>\n\n\n\n<p>It is specially designed to provide smooth, dense and uniform electroless nickel\/phosphorous deposits in printed circuit board drills. It is a stable process, therefore it generates a fine-grained and dense coating with high adhesion. Without metallization failures if the solution is properly maintained.<\/p>\n\n\n\n<p class=\"has-text-color has-link-color wp-elements-1d44402ad518946a839074791af6d0a4\" style=\"color:#aa1d21\"><strong>AUROFILM 22<\/strong><\/p>\n\n\n\n<p> It is an immersion gold formulated to generate a 24 carat gold layer on printed circuit boards by immersion.<\/p>\n<\/details>\n\n\n\n<p><\/p>","protected":false},"excerpt":{"rendered":"<p>El recubrimiento de n\u00edquel qu\u00edmico se distingue por su capacidad para ofrecer una capa uniforme, incluso en piezas con geometr\u00edas complejas, incluyendo aquellas con superficies internas de dif\u00edcil acceso. Este tipo de recubrimiento no solo proporciona una apariencia est\u00e9tica atractiva, sino que tambi\u00e9n se caracteriza por su alta dureza, lo que lo convierte en una [&hellip;]<\/p>\n","protected":false},"author":1,"featured_media":0,"parent":0,"menu_order":0,"comment_status":"closed","ping_status":"closed","template":"","meta":{"_eb_attr":"","footnotes":""},"class_list":["post-41","page","type-page","status-publish","hentry"],"yoast_head":"<!-- This site is optimized with the Yoast SEO plugin v27.5 - https:\/\/yoast.com\/product\/yoast-seo-wordpress\/ -->\n<title>Otras aplicaciones industriales - Recubplast<\/title>\n<meta name=\"description\" content=\"El recubrimiento de n\u00edquel qu\u00edmico se distingue por su capacidad para ofrecer una capa uniforme, incluso en piezas con geometr\u00edas complejas.\" \/>\n<meta name=\"robots\" content=\"index, follow, max-snippet:-1, max-image-preview:large, max-video-preview:-1\" \/>\n<link rel=\"canonical\" href=\"https:\/\/recubplast.com.co\/en\/otras-aplicaciones-industriales-el-recubrimiento-de-niquel-quimico\/\" \/>\n<meta property=\"og:locale\" content=\"en_US\" \/>\n<meta property=\"og:type\" content=\"article\" \/>\n<meta property=\"og:title\" content=\"Otras aplicaciones industriales - Recubplast\" \/>\n<meta property=\"og:description\" content=\"El recubrimiento de n\u00edquel qu\u00edmico se distingue por su capacidad para ofrecer una capa uniforme, incluso en piezas con geometr\u00edas complejas.\" \/>\n<meta property=\"og:url\" content=\"https:\/\/recubplast.com.co\/en\/otras-aplicaciones-industriales-el-recubrimiento-de-niquel-quimico\/\" \/>\n<meta property=\"og:site_name\" content=\"Recubplast\" \/>\n<meta property=\"article:modified_time\" content=\"2025-01-20T16:08:13+00:00\" \/>\n<meta property=\"og:image\" content=\"https:\/\/recubplast.com.co\/wp-content\/uploads\/2024\/03\/bannerAplicacionesIndustriales.png\" \/>\n\t<meta property=\"og:image:width\" content=\"1440\" \/>\n\t<meta property=\"og:image:height\" content=\"262\" \/>\n\t<meta property=\"og:image:type\" content=\"image\/png\" \/>\n<meta name=\"twitter:card\" content=\"summary_large_image\" \/>\n<meta name=\"twitter:label1\" content=\"Est. reading time\" \/>\n\t<meta name=\"twitter:data1\" content=\"3 minutes\" \/>\n<script type=\"application\/ld+json\" class=\"yoast-schema-graph\">{\"@context\":\"https:\\\/\\\/schema.org\",\"@graph\":[{\"@type\":\"WebPage\",\"@id\":\"https:\\\/\\\/recubplast.com.co\\\/otras-aplicaciones-industriales-el-recubrimiento-de-niquel-quimico\\\/\",\"url\":\"https:\\\/\\\/recubplast.com.co\\\/otras-aplicaciones-industriales-el-recubrimiento-de-niquel-quimico\\\/\",\"name\":\"Otras aplicaciones industriales - Recubplast\",\"isPartOf\":{\"@id\":\"https:\\\/\\\/recubplast.com.co\\\/#website\"},\"primaryImageOfPage\":{\"@id\":\"https:\\\/\\\/recubplast.com.co\\\/otras-aplicaciones-industriales-el-recubrimiento-de-niquel-quimico\\\/#primaryimage\"},\"image\":{\"@id\":\"https:\\\/\\\/recubplast.com.co\\\/otras-aplicaciones-industriales-el-recubrimiento-de-niquel-quimico\\\/#primaryimage\"},\"thumbnailUrl\":\"https:\\\/\\\/recubplast.com.co\\\/wp-content\\\/uploads\\\/2024\\\/03\\\/bannerAplicacionesIndustriales-1024x186.png\",\"datePublished\":\"2024-03-13T01:50:10+00:00\",\"dateModified\":\"2025-01-20T16:08:13+00:00\",\"description\":\"El recubrimiento de n\u00edquel qu\u00edmico se distingue por su capacidad para ofrecer una capa uniforme, incluso en piezas con geometr\u00edas complejas.\",\"breadcrumb\":{\"@id\":\"https:\\\/\\\/recubplast.com.co\\\/otras-aplicaciones-industriales-el-recubrimiento-de-niquel-quimico\\\/#breadcrumb\"},\"inLanguage\":\"en-US\",\"potentialAction\":[{\"@type\":\"ReadAction\",\"target\":[\"https:\\\/\\\/recubplast.com.co\\\/otras-aplicaciones-industriales-el-recubrimiento-de-niquel-quimico\\\/\"]}]},{\"@type\":\"ImageObject\",\"inLanguage\":\"en-US\",\"@id\":\"https:\\\/\\\/recubplast.com.co\\\/otras-aplicaciones-industriales-el-recubrimiento-de-niquel-quimico\\\/#primaryimage\",\"url\":\"https:\\\/\\\/recubplast.com.co\\\/wp-content\\\/uploads\\\/2024\\\/03\\\/bannerAplicacionesIndustriales-1024x186.png\",\"contentUrl\":\"https:\\\/\\\/recubplast.com.co\\\/wp-content\\\/uploads\\\/2024\\\/03\\\/bannerAplicacionesIndustriales-1024x186.png\"},{\"@type\":\"BreadcrumbList\",\"@id\":\"https:\\\/\\\/recubplast.com.co\\\/otras-aplicaciones-industriales-el-recubrimiento-de-niquel-quimico\\\/#breadcrumb\",\"itemListElement\":[{\"@type\":\"ListItem\",\"position\":1,\"name\":\"Inicio\",\"item\":\"https:\\\/\\\/recubplast.com.co\\\/\"},{\"@type\":\"ListItem\",\"position\":2,\"name\":\"Otras aplicaciones industriales\"}]},{\"@type\":\"WebSite\",\"@id\":\"https:\\\/\\\/recubplast.com.co\\\/#website\",\"url\":\"https:\\\/\\\/recubplast.com.co\\\/\",\"name\":\"Recubplast\",\"description\":\"\",\"publisher\":{\"@id\":\"https:\\\/\\\/recubplast.com.co\\\/#organization\"},\"potentialAction\":[{\"@type\":\"SearchAction\",\"target\":{\"@type\":\"EntryPoint\",\"urlTemplate\":\"https:\\\/\\\/recubplast.com.co\\\/?s={search_term_string}\"},\"query-input\":{\"@type\":\"PropertyValueSpecification\",\"valueRequired\":true,\"valueName\":\"search_term_string\"}}],\"inLanguage\":\"en-US\"},{\"@type\":\"Organization\",\"@id\":\"https:\\\/\\\/recubplast.com.co\\\/#organization\",\"name\":\"Recubplast\",\"url\":\"https:\\\/\\\/recubplast.com.co\\\/\",\"logo\":{\"@type\":\"ImageObject\",\"inLanguage\":\"en-US\",\"@id\":\"https:\\\/\\\/recubplast.com.co\\\/#\\\/schema\\\/logo\\\/image\\\/\",\"url\":\"https:\\\/\\\/recubplast.com.co\\\/wp-content\\\/uploads\\\/2025\\\/06\\\/cropped-WhatsApp-Image-2025-06-03-at-2.52.17-PM.png\",\"contentUrl\":\"https:\\\/\\\/recubplast.com.co\\\/wp-content\\\/uploads\\\/2025\\\/06\\\/cropped-WhatsApp-Image-2025-06-03-at-2.52.17-PM.png\",\"width\":512,\"height\":512,\"caption\":\"Recubplast\"},\"image\":{\"@id\":\"https:\\\/\\\/recubplast.com.co\\\/#\\\/schema\\\/logo\\\/image\\\/\"}}]}<\/script>\n<!-- \/ Yoast SEO plugin. -->","yoast_head_json":{"title":"Otras aplicaciones industriales - Recubplast","description":"El recubrimiento de n\u00edquel qu\u00edmico se distingue por su capacidad para ofrecer una capa uniforme, incluso en piezas con geometr\u00edas complejas.","robots":{"index":"index","follow":"follow","max-snippet":"max-snippet:-1","max-image-preview":"max-image-preview:large","max-video-preview":"max-video-preview:-1"},"canonical":"https:\/\/recubplast.com.co\/en\/otras-aplicaciones-industriales-el-recubrimiento-de-niquel-quimico\/","og_locale":"en_US","og_type":"article","og_title":"Otras aplicaciones industriales - Recubplast","og_description":"El recubrimiento de n\u00edquel qu\u00edmico se distingue por su capacidad para ofrecer una capa uniforme, incluso en piezas con geometr\u00edas complejas.","og_url":"https:\/\/recubplast.com.co\/en\/otras-aplicaciones-industriales-el-recubrimiento-de-niquel-quimico\/","og_site_name":"Recubplast","article_modified_time":"2025-01-20T16:08:13+00:00","og_image":[{"width":1440,"height":262,"url":"https:\/\/recubplast.com.co\/wp-content\/uploads\/2024\/03\/bannerAplicacionesIndustriales.png","type":"image\/png"}],"twitter_card":"summary_large_image","twitter_misc":{"Est. reading time":"3 minutes"},"schema":{"@context":"https:\/\/schema.org","@graph":[{"@type":"WebPage","@id":"https:\/\/recubplast.com.co\/otras-aplicaciones-industriales-el-recubrimiento-de-niquel-quimico\/","url":"https:\/\/recubplast.com.co\/otras-aplicaciones-industriales-el-recubrimiento-de-niquel-quimico\/","name":"Otras aplicaciones industriales - Recubplast","isPartOf":{"@id":"https:\/\/recubplast.com.co\/#website"},"primaryImageOfPage":{"@id":"https:\/\/recubplast.com.co\/otras-aplicaciones-industriales-el-recubrimiento-de-niquel-quimico\/#primaryimage"},"image":{"@id":"https:\/\/recubplast.com.co\/otras-aplicaciones-industriales-el-recubrimiento-de-niquel-quimico\/#primaryimage"},"thumbnailUrl":"https:\/\/recubplast.com.co\/wp-content\/uploads\/2024\/03\/bannerAplicacionesIndustriales-1024x186.png","datePublished":"2024-03-13T01:50:10+00:00","dateModified":"2025-01-20T16:08:13+00:00","description":"El recubrimiento de n\u00edquel qu\u00edmico se distingue por su capacidad para ofrecer una capa uniforme, incluso en piezas con geometr\u00edas complejas.","breadcrumb":{"@id":"https:\/\/recubplast.com.co\/otras-aplicaciones-industriales-el-recubrimiento-de-niquel-quimico\/#breadcrumb"},"inLanguage":"en-US","potentialAction":[{"@type":"ReadAction","target":["https:\/\/recubplast.com.co\/otras-aplicaciones-industriales-el-recubrimiento-de-niquel-quimico\/"]}]},{"@type":"ImageObject","inLanguage":"en-US","@id":"https:\/\/recubplast.com.co\/otras-aplicaciones-industriales-el-recubrimiento-de-niquel-quimico\/#primaryimage","url":"https:\/\/recubplast.com.co\/wp-content\/uploads\/2024\/03\/bannerAplicacionesIndustriales-1024x186.png","contentUrl":"https:\/\/recubplast.com.co\/wp-content\/uploads\/2024\/03\/bannerAplicacionesIndustriales-1024x186.png"},{"@type":"BreadcrumbList","@id":"https:\/\/recubplast.com.co\/otras-aplicaciones-industriales-el-recubrimiento-de-niquel-quimico\/#breadcrumb","itemListElement":[{"@type":"ListItem","position":1,"name":"Inicio","item":"https:\/\/recubplast.com.co\/"},{"@type":"ListItem","position":2,"name":"Otras aplicaciones industriales"}]},{"@type":"WebSite","@id":"https:\/\/recubplast.com.co\/#website","url":"https:\/\/recubplast.com.co\/","name":"Recubplast","description":"","publisher":{"@id":"https:\/\/recubplast.com.co\/#organization"},"potentialAction":[{"@type":"SearchAction","target":{"@type":"EntryPoint","urlTemplate":"https:\/\/recubplast.com.co\/?s={search_term_string}"},"query-input":{"@type":"PropertyValueSpecification","valueRequired":true,"valueName":"search_term_string"}}],"inLanguage":"en-US"},{"@type":"Organization","@id":"https:\/\/recubplast.com.co\/#organization","name":"Recubplast","url":"https:\/\/recubplast.com.co\/","logo":{"@type":"ImageObject","inLanguage":"en-US","@id":"https:\/\/recubplast.com.co\/#\/schema\/logo\/image\/","url":"https:\/\/recubplast.com.co\/wp-content\/uploads\/2025\/06\/cropped-WhatsApp-Image-2025-06-03-at-2.52.17-PM.png","contentUrl":"https:\/\/recubplast.com.co\/wp-content\/uploads\/2025\/06\/cropped-WhatsApp-Image-2025-06-03-at-2.52.17-PM.png","width":512,"height":512,"caption":"Recubplast"},"image":{"@id":"https:\/\/recubplast.com.co\/#\/schema\/logo\/image\/"}}]}},"_links":{"self":[{"href":"https:\/\/recubplast.com.co\/en\/wp-json\/wp\/v2\/pages\/41","targetHints":{"allow":["GET"]}}],"collection":[{"href":"https:\/\/recubplast.com.co\/en\/wp-json\/wp\/v2\/pages"}],"about":[{"href":"https:\/\/recubplast.com.co\/en\/wp-json\/wp\/v2\/types\/page"}],"author":[{"embeddable":true,"href":"https:\/\/recubplast.com.co\/en\/wp-json\/wp\/v2\/users\/1"}],"replies":[{"embeddable":true,"href":"https:\/\/recubplast.com.co\/en\/wp-json\/wp\/v2\/comments?post=41"}],"version-history":[{"count":4,"href":"https:\/\/recubplast.com.co\/en\/wp-json\/wp\/v2\/pages\/41\/revisions"}],"predecessor-version":[{"id":303,"href":"https:\/\/recubplast.com.co\/en\/wp-json\/wp\/v2\/pages\/41\/revisions\/303"}],"wp:attachment":[{"href":"https:\/\/recubplast.com.co\/en\/wp-json\/wp\/v2\/media?parent=41"}],"curies":[{"name":"wp","href":"https:\/\/api.w.org\/{rel}","templated":true}]}}