{"id":45,"date":"2024-03-12T20:58:03","date_gmt":"2024-03-13T01:58:03","guid":{"rendered":"https:\/\/recubplast.com.co\/?page_id=45"},"modified":"2024-09-23T12:07:59","modified_gmt":"2024-09-23T17:07:59","slug":"recubrimientos-electroliticos-son-procesos-electroquimicos","status":"publish","type":"page","link":"https:\/\/recubplast.com.co\/en\/recubrimientos-electroliticos-son-procesos-electroquimicos\/","title":{"rendered":"Electrolytic coatings \/ electroplating"},"content":{"rendered":"<figure class=\"wp-block-image alignwide size-large\"><img loading=\"lazy\" decoding=\"async\" width=\"1024\" height=\"186\" src=\"https:\/\/recubplast.com.co\/wp-content\/uploads\/2024\/03\/bannerRecubrimientoselectroliticos-1024x186.png\" alt=\"Los recubrimientos electrol\u00edticos son procesos electroqu\u00edmicos\" class=\"wp-image-46\" srcset=\"https:\/\/recubplast.com.co\/wp-content\/uploads\/2024\/03\/bannerRecubrimientoselectroliticos-1024x186.png 1024w, https:\/\/recubplast.com.co\/wp-content\/uploads\/2024\/03\/bannerRecubrimientoselectroliticos-300x55.png 300w, https:\/\/recubplast.com.co\/wp-content\/uploads\/2024\/03\/bannerRecubrimientoselectroliticos-768x140.png 768w, https:\/\/recubplast.com.co\/wp-content\/uploads\/2024\/03\/bannerRecubrimientoselectroliticos.png 1440w\" sizes=\"auto, (max-width: 1024px) 100vw, 1024px\" \/><\/figure>\n\n\n\n<h2 class=\"wp-block-heading alignwide\" style=\"font-size:clamp(0.929rem, 0.929rem + ((1vw - 0.2rem) * 0.785), 1.4rem);\">Electrolytic coatings are electrochemical processes that allow a thin layer of metal to be deposited on a surface, wether metallic or not, by immersion in an electrolytic bath.<\/h2>\n\n\n\n<h2 class=\"wp-block-heading alignwide\" style=\"font-size:clamp(0.929rem, 0.929rem + ((1vw - 0.2rem) * 0.785), 1.4rem);\"> This process converts the metal into ions through an electric current, thus depositing the desired metal on the part being coated. Commonly used metals include nickel, chromium, silver and gold, each providing specific properties such as corrosion resistance, hardness and aesthetic enhancements.<\/h2>\n\n\n\n<h2 class=\"wp-block-heading alignwide\" style=\"font-size:clamp(0.929rem, 0.929rem + ((1vw - 0.2rem) * 0.785), 1.4rem);\">One of the main advantages of electrolytic coatings is their ability to provide protection towards corrosion, which significantly increases the durability of components. <\/h2>\n\n\n\n<h2 class=\"wp-block-heading alignwide\" style=\"font-size:clamp(0.929rem, 0.929rem + ((1vw - 0.2rem) * 0.785), 1.4rem);\">In addition, these coatings can improve electrical and mechanical characteristics such as conductivity and weldability. <\/h2>\n\n\n\n<h2 class=\"wp-block-heading alignwide\" style=\"font-size:clamp(0.929rem, 0.929rem + ((1vw - 0.2rem) * 0.785), 1.4rem);\">This makes them a popular choice in a variety of industries, from the automotive to the electronic industry.<\/h2>\n\n\n\n<h2 class=\"wp-block-heading alignwide\" style=\"font-size:clamp(0.929rem, 0.929rem + ((1vw - 0.2rem) * 0.785), 1.4rem);\">The coating process not only improves the functionality of the parts, but also gives them an aesthetic finish. Thanks to their flexibility in application, electrolytic coatings are used on a wide range of everyday products such as: faucets, hinges, and kitchen utensils. <\/h2>\n\n\n\n<h2 class=\"wp-block-heading alignwide\" style=\"font-size:clamp(0.929rem, 0.929rem + ((1vw - 0.2rem) * 0.785), 1.4rem);\">In summary, electrolytic coatings are essential for both the performance and appearance of products in multiple industrial sectors.<\/h2>\n\n\n\n<h2 class=\"wp-block-heading\">Products<\/h2>\n\n\n\n<details class=\"wp-block-details is-layout-flow wp-block-details-is-layout-flow\"><summary><strong><em>ALKALINE COPPER<\/em><\/strong><\/summary>\n<p class=\"has-text-color has-link-color wp-elements-cdff437c6acad3072d0f43bd72bbbcfd\" style=\"color:#aa1d21\"><strong>CUALBRITE<\/strong><\/p>\n\n\n\n<p>It is a cyanide-based process specially formulated for copper deposits, offering excellent leveling and penetration with a bright finish across a wide range of operating conditions.<\/p>\n<\/details>\n\n\n\n<details class=\"wp-block-details is-layout-flow wp-block-details-is-layout-flow\"><summary><strong><em>ACID COPPER<\/em><\/strong><\/summary>\n<p class=\"has-text-color has-link-color wp-elements-5432747ed5ec2914b2a8ad9acad47fac\" style=\"color:#aa1d21\"><strong>CUACID \u2013 650<\/strong><\/p>\n\n\n\n<p>It is a process designed for the manufacture of circuits. The process is characterized by having a high sulfuric acid content, low copper sulfate and three additives that allow obtaining an acid copper deposit oh high penetration power, fine grain and high \nthe characteristics of this electrolyte allow the objection of a high quality deposit, both in the surface and inside the drill.<\/p>\n<\/details>\n\n\n\n<details class=\"wp-block-details is-layout-flow wp-block-details-is-layout-flow\"><summary><strong><em>SHINY\/BRIGHT NICKEL<\/em><\/strong><\/summary>\n<p class=\"has-text-color has-link-color wp-elements-1e0ee0f98ff616cfadcc5adc4fb34d12\" style=\"color:#aa1d21\"><strong>NIKUP-PH(+)<\/strong><\/p>\n\n\n\n<p>It is an easy to handle paste-like product. It is used to raise the pH in electrolytic nickel baths, thanks to its characteristics it provides nickel metal to the bath while adjusting it to the desired range.<br><br><strong>Advantages<\/strong><\/p>\n\n\n\n<ol class=\"wp-block-list\">\n<li>It allows the treatment of the false cathode to the adequate pH (less than 3); since with this product the pH can be raised without inconveniences.<\/li>\n\n\n\n<li>Due to the product's characteristics at an operative level, its handling is simpler than that of nickel carbonate.<\/li>\n\n\n\n<li>It provides nickel to the electrolytic nickel bath.<\/li>\n<\/ol>\n\n\n\n<p class=\"has-text-color has-link-color wp-elements-a6a34b84ef4d76fda93554d296abcabf\" style=\"color:#aa1d21\"><strong>VELBRITE 64-NI<\/strong><\/p>\n\n\n\n<p>It is a process developed to obtain a nickel deposit with high brightness, penetration, leveling, and excellent ductility. The process is formulated to work with air, cathodic or drum agitation.<\/p>\n<\/details>\n\n\n\n<details class=\"wp-block-details is-layout-flow wp-block-details-is-layout-flow\"><summary><strong><em>CHROME<\/em><\/strong><\/summary>\n<p class=\"has-text-color has-link-color wp-elements-5702f209afcc14b06b6d462ecda4437e\" style=\"color:#aa1d21\"><strong>CROMAC 82 F<\/strong><\/p>\n\n\n\n<p>It is a self-regulating chrome, specially developed for decorative chrome deposits; excellent color and brightness, no staining and outstanding penetration. It is prepared at lower concentrations than a traditional chrome, which results in a lower concentration of chromium VI effluents.<\/p>\n\n\n\n<p class=\"has-text-color has-link-color wp-elements-b6f1c114beac2cd3a816ba6750c597a1\" style=\"color:#aa1d21\"><strong>ACTIVATE \u2013 82EL<\/strong><\/p>\n\n\n\n<p>It is an activator applied via an electrolytic process, specially formulated to improve the receptivity of electrolytic nickel to chrome deposit, preventing the formation of stained deposits caused by passivated nickel or improper rinsing.<\/p>\n\n\n\n<p class=\"has-text-color has-link-color wp-elements-fdce585f876a8d0b29841f1aaf27097d\" style=\"color:#aa1d21\"><strong>ZEROMIST \u2013 82<\/strong><\/p>\n\n\n\n<p>It is a combination of surfactant agents specially formulated for chromic solutions. It produces a very fine and compact foam layer during electrolysis, preventing toxic emissions and chromium loss caused by the mist formed during the process. \n\nAdditionally, this product reduces surface tension in the bath and does not cause stains in the chrome.&nbsp;<\/p>\n\n\n\n<p>It is designed so that, even in excess, it does not affect the behaviour of the electrolytic bath. It contributes to a better working environment for operators by preventing the migrations of chromium vapors.\n \nFurthermore, it reduces the corrosion of installations and contamination from chromium migration to other tanks.<\/p>\n<\/details>\n\n\n\n<details class=\"wp-block-details is-layout-flow wp-block-details-is-layout-flow\"><summary><strong><em>WHITE BRONZE<\/em><\/strong><\/summary>\n<p class=\"has-text-color has-link-color wp-elements-dba62b4a4f18ded8397b4a2f94613ae7\" style=\"color:#aa1d21\"><strong>ESTA\u00d1OL 50<\/strong><\/p>\n\n\n\n<p>It is developed to deposit a barrier coating with good leveling and a white shade in nickel free processes. The bath consists of two metals, tin and copper, which guarantees a uniform shade and easy handling.<\/p>\n<\/details>\n\n\n\n<details class=\"wp-block-details is-layout-flow wp-block-details-is-layout-flow\"><summary><strong><em>BLACK SHADE<\/em><\/strong><\/summary>\n<p class=\"has-text-color has-link-color wp-elements-27106fd852d4aa4ff61e187c0badc6fc\" style=\"color:#aa1d21\"><strong>FUMAT EL<\/strong><\/p>\n\n\n\n<p>It is a concentrated liquid mixture specially formulated to apply nickel deposits with a smoky black tone, which can appear glossy depending on the surface on which it is deposited. \nIt operates within a wide range of currents on different substrates. Due to its thin deposit with excellent penetration, it can be used for aged finishes by performing a vibratory process or applying a patina after the electrolytic application.<\/p>\n<\/details>\n\n\n\n<details class=\"wp-block-details is-layout-flow wp-block-details-is-layout-flow\"><summary><strong><em>COBALT\/TIN<\/em><\/strong><\/summary>\n<p class=\"has-text-color has-link-color wp-elements-39e69d3ffd04aeb9e0fa8e6c917e9534\" style=\"color:#aa1d21\"><strong>COBESTAN \u2013 89<\/strong><\/p>\n\n\n\n<p>Electrolytic process formulated to obtain a cobalt\/tin deposit, with a bluish tone, high hardness and corrosion resistance. Which can be used to replace traditional chrome baths and also as a barrier bath when high abrasion resistance is required.<\/p>\n<\/details>","protected":false},"excerpt":{"rendered":"<p>Los recubrimientos electrol\u00edticos son procesos electroqu\u00edmicos que permiten depositar una fina capa de metal sobre una superficie, ya sea met\u00e1lica o no, mediante la inmersi\u00f3n en un ba\u00f1o electrol\u00edtico. Este proceso convierte el metal en iones a trav\u00e9s de una corriente el\u00e9ctrica, depositando as\u00ed el metal deseado en la pieza que se recubre. Los metales [&hellip;]<\/p>\n","protected":false},"author":1,"featured_media":0,"parent":0,"menu_order":0,"comment_status":"closed","ping_status":"closed","template":"","meta":{"_eb_attr":"","footnotes":""},"class_list":["post-45","page","type-page","status-publish","hentry"],"yoast_head":"<!-- This site is optimized with the Yoast SEO plugin v27.5 - https:\/\/yoast.com\/product\/yoast-seo-wordpress\/ -->\n<title>Recubrimientos electrol\u00edticos - Recubplast<\/title>\n<meta name=\"description\" content=\"Los recubrimientos electrol\u00edticos son procesos electroqu\u00edmicos que permiten depositar una fina capa de metal sobre una superficie.\" \/>\n<meta name=\"robots\" content=\"index, follow, max-snippet:-1, max-image-preview:large, max-video-preview:-1\" \/>\n<link rel=\"canonical\" href=\"https:\/\/recubplast.com.co\/en\/recubrimientos-electroliticos-son-procesos-electroquimicos\/\" \/>\n<meta property=\"og:locale\" content=\"en_US\" \/>\n<meta property=\"og:type\" content=\"article\" \/>\n<meta property=\"og:title\" content=\"Recubrimientos electrol\u00edticos - Recubplast\" \/>\n<meta property=\"og:description\" content=\"Los recubrimientos electrol\u00edticos son procesos electroqu\u00edmicos que permiten depositar una fina capa de metal sobre una superficie.\" \/>\n<meta property=\"og:url\" content=\"https:\/\/recubplast.com.co\/en\/recubrimientos-electroliticos-son-procesos-electroquimicos\/\" \/>\n<meta property=\"og:site_name\" content=\"Recubplast\" \/>\n<meta property=\"article:modified_time\" content=\"2024-09-23T17:07:59+00:00\" \/>\n<meta property=\"og:image\" content=\"https:\/\/recubplast.com.co\/wp-content\/uploads\/2024\/03\/bannerRecubrimientoselectroliticos-1024x186.png\" \/>\n<meta name=\"twitter:card\" content=\"summary_large_image\" \/>\n<meta name=\"twitter:label1\" content=\"Est. reading time\" \/>\n\t<meta name=\"twitter:data1\" content=\"4 minutes\" \/>\n<script type=\"application\/ld+json\" class=\"yoast-schema-graph\">{\"@context\":\"https:\\\/\\\/schema.org\",\"@graph\":[{\"@type\":\"WebPage\",\"@id\":\"https:\\\/\\\/recubplast.com.co\\\/recubrimientos-electroliticos-son-procesos-electroquimicos\\\/\",\"url\":\"https:\\\/\\\/recubplast.com.co\\\/recubrimientos-electroliticos-son-procesos-electroquimicos\\\/\",\"name\":\"Recubrimientos electrol\u00edticos - Recubplast\",\"isPartOf\":{\"@id\":\"https:\\\/\\\/recubplast.com.co\\\/#website\"},\"primaryImageOfPage\":{\"@id\":\"https:\\\/\\\/recubplast.com.co\\\/recubrimientos-electroliticos-son-procesos-electroquimicos\\\/#primaryimage\"},\"image\":{\"@id\":\"https:\\\/\\\/recubplast.com.co\\\/recubrimientos-electroliticos-son-procesos-electroquimicos\\\/#primaryimage\"},\"thumbnailUrl\":\"https:\\\/\\\/recubplast.com.co\\\/wp-content\\\/uploads\\\/2024\\\/03\\\/bannerRecubrimientoselectroliticos-1024x186.png\",\"datePublished\":\"2024-03-13T01:58:03+00:00\",\"dateModified\":\"2024-09-23T17:07:59+00:00\",\"description\":\"Los recubrimientos electrol\u00edticos son procesos electroqu\u00edmicos que permiten depositar una fina capa de metal sobre una superficie.\",\"breadcrumb\":{\"@id\":\"https:\\\/\\\/recubplast.com.co\\\/recubrimientos-electroliticos-son-procesos-electroquimicos\\\/#breadcrumb\"},\"inLanguage\":\"en-US\",\"potentialAction\":[{\"@type\":\"ReadAction\",\"target\":[\"https:\\\/\\\/recubplast.com.co\\\/recubrimientos-electroliticos-son-procesos-electroquimicos\\\/\"]}]},{\"@type\":\"ImageObject\",\"inLanguage\":\"en-US\",\"@id\":\"https:\\\/\\\/recubplast.com.co\\\/recubrimientos-electroliticos-son-procesos-electroquimicos\\\/#primaryimage\",\"url\":\"https:\\\/\\\/recubplast.com.co\\\/wp-content\\\/uploads\\\/2024\\\/03\\\/bannerRecubrimientoselectroliticos-1024x186.png\",\"contentUrl\":\"https:\\\/\\\/recubplast.com.co\\\/wp-content\\\/uploads\\\/2024\\\/03\\\/bannerRecubrimientoselectroliticos-1024x186.png\"},{\"@type\":\"BreadcrumbList\",\"@id\":\"https:\\\/\\\/recubplast.com.co\\\/recubrimientos-electroliticos-son-procesos-electroquimicos\\\/#breadcrumb\",\"itemListElement\":[{\"@type\":\"ListItem\",\"position\":1,\"name\":\"Inicio\",\"item\":\"https:\\\/\\\/recubplast.com.co\\\/\"},{\"@type\":\"ListItem\",\"position\":2,\"name\":\"Recubrimientos electrol\u00edticos\"}]},{\"@type\":\"WebSite\",\"@id\":\"https:\\\/\\\/recubplast.com.co\\\/#website\",\"url\":\"https:\\\/\\\/recubplast.com.co\\\/\",\"name\":\"Recubplast\",\"description\":\"\",\"publisher\":{\"@id\":\"https:\\\/\\\/recubplast.com.co\\\/#organization\"},\"potentialAction\":[{\"@type\":\"SearchAction\",\"target\":{\"@type\":\"EntryPoint\",\"urlTemplate\":\"https:\\\/\\\/recubplast.com.co\\\/?s={search_term_string}\"},\"query-input\":{\"@type\":\"PropertyValueSpecification\",\"valueRequired\":true,\"valueName\":\"search_term_string\"}}],\"inLanguage\":\"en-US\"},{\"@type\":\"Organization\",\"@id\":\"https:\\\/\\\/recubplast.com.co\\\/#organization\",\"name\":\"Recubplast\",\"url\":\"https:\\\/\\\/recubplast.com.co\\\/\",\"logo\":{\"@type\":\"ImageObject\",\"inLanguage\":\"en-US\",\"@id\":\"https:\\\/\\\/recubplast.com.co\\\/#\\\/schema\\\/logo\\\/image\\\/\",\"url\":\"https:\\\/\\\/recubplast.com.co\\\/wp-content\\\/uploads\\\/2025\\\/06\\\/cropped-WhatsApp-Image-2025-06-03-at-2.52.17-PM.png\",\"contentUrl\":\"https:\\\/\\\/recubplast.com.co\\\/wp-content\\\/uploads\\\/2025\\\/06\\\/cropped-WhatsApp-Image-2025-06-03-at-2.52.17-PM.png\",\"width\":512,\"height\":512,\"caption\":\"Recubplast\"},\"image\":{\"@id\":\"https:\\\/\\\/recubplast.com.co\\\/#\\\/schema\\\/logo\\\/image\\\/\"}}]}<\/script>\n<!-- \/ Yoast SEO plugin. -->","yoast_head_json":{"title":"Recubrimientos electrol\u00edticos - Recubplast","description":"Los recubrimientos electrol\u00edticos son procesos electroqu\u00edmicos que permiten depositar una fina capa de metal sobre una superficie.","robots":{"index":"index","follow":"follow","max-snippet":"max-snippet:-1","max-image-preview":"max-image-preview:large","max-video-preview":"max-video-preview:-1"},"canonical":"https:\/\/recubplast.com.co\/en\/recubrimientos-electroliticos-son-procesos-electroquimicos\/","og_locale":"en_US","og_type":"article","og_title":"Recubrimientos electrol\u00edticos - Recubplast","og_description":"Los recubrimientos electrol\u00edticos son procesos electroqu\u00edmicos que permiten depositar una fina capa de metal sobre una superficie.","og_url":"https:\/\/recubplast.com.co\/en\/recubrimientos-electroliticos-son-procesos-electroquimicos\/","og_site_name":"Recubplast","article_modified_time":"2024-09-23T17:07:59+00:00","og_image":[{"url":"https:\/\/recubplast.com.co\/wp-content\/uploads\/2024\/03\/bannerRecubrimientoselectroliticos-1024x186.png","type":"","width":"","height":""}],"twitter_card":"summary_large_image","twitter_misc":{"Est. reading time":"4 minutes"},"schema":{"@context":"https:\/\/schema.org","@graph":[{"@type":"WebPage","@id":"https:\/\/recubplast.com.co\/recubrimientos-electroliticos-son-procesos-electroquimicos\/","url":"https:\/\/recubplast.com.co\/recubrimientos-electroliticos-son-procesos-electroquimicos\/","name":"Recubrimientos electrol\u00edticos - Recubplast","isPartOf":{"@id":"https:\/\/recubplast.com.co\/#website"},"primaryImageOfPage":{"@id":"https:\/\/recubplast.com.co\/recubrimientos-electroliticos-son-procesos-electroquimicos\/#primaryimage"},"image":{"@id":"https:\/\/recubplast.com.co\/recubrimientos-electroliticos-son-procesos-electroquimicos\/#primaryimage"},"thumbnailUrl":"https:\/\/recubplast.com.co\/wp-content\/uploads\/2024\/03\/bannerRecubrimientoselectroliticos-1024x186.png","datePublished":"2024-03-13T01:58:03+00:00","dateModified":"2024-09-23T17:07:59+00:00","description":"Los recubrimientos electrol\u00edticos son procesos electroqu\u00edmicos que permiten depositar una fina capa de metal sobre una superficie.","breadcrumb":{"@id":"https:\/\/recubplast.com.co\/recubrimientos-electroliticos-son-procesos-electroquimicos\/#breadcrumb"},"inLanguage":"en-US","potentialAction":[{"@type":"ReadAction","target":["https:\/\/recubplast.com.co\/recubrimientos-electroliticos-son-procesos-electroquimicos\/"]}]},{"@type":"ImageObject","inLanguage":"en-US","@id":"https:\/\/recubplast.com.co\/recubrimientos-electroliticos-son-procesos-electroquimicos\/#primaryimage","url":"https:\/\/recubplast.com.co\/wp-content\/uploads\/2024\/03\/bannerRecubrimientoselectroliticos-1024x186.png","contentUrl":"https:\/\/recubplast.com.co\/wp-content\/uploads\/2024\/03\/bannerRecubrimientoselectroliticos-1024x186.png"},{"@type":"BreadcrumbList","@id":"https:\/\/recubplast.com.co\/recubrimientos-electroliticos-son-procesos-electroquimicos\/#breadcrumb","itemListElement":[{"@type":"ListItem","position":1,"name":"Inicio","item":"https:\/\/recubplast.com.co\/"},{"@type":"ListItem","position":2,"name":"Recubrimientos electrol\u00edticos"}]},{"@type":"WebSite","@id":"https:\/\/recubplast.com.co\/#website","url":"https:\/\/recubplast.com.co\/","name":"Recubplast","description":"","publisher":{"@id":"https:\/\/recubplast.com.co\/#organization"},"potentialAction":[{"@type":"SearchAction","target":{"@type":"EntryPoint","urlTemplate":"https:\/\/recubplast.com.co\/?s={search_term_string}"},"query-input":{"@type":"PropertyValueSpecification","valueRequired":true,"valueName":"search_term_string"}}],"inLanguage":"en-US"},{"@type":"Organization","@id":"https:\/\/recubplast.com.co\/#organization","name":"Recubplast","url":"https:\/\/recubplast.com.co\/","logo":{"@type":"ImageObject","inLanguage":"en-US","@id":"https:\/\/recubplast.com.co\/#\/schema\/logo\/image\/","url":"https:\/\/recubplast.com.co\/wp-content\/uploads\/2025\/06\/cropped-WhatsApp-Image-2025-06-03-at-2.52.17-PM.png","contentUrl":"https:\/\/recubplast.com.co\/wp-content\/uploads\/2025\/06\/cropped-WhatsApp-Image-2025-06-03-at-2.52.17-PM.png","width":512,"height":512,"caption":"Recubplast"},"image":{"@id":"https:\/\/recubplast.com.co\/#\/schema\/logo\/image\/"}}]}},"_links":{"self":[{"href":"https:\/\/recubplast.com.co\/en\/wp-json\/wp\/v2\/pages\/45","targetHints":{"allow":["GET"]}}],"collection":[{"href":"https:\/\/recubplast.com.co\/en\/wp-json\/wp\/v2\/pages"}],"about":[{"href":"https:\/\/recubplast.com.co\/en\/wp-json\/wp\/v2\/types\/page"}],"author":[{"embeddable":true,"href":"https:\/\/recubplast.com.co\/en\/wp-json\/wp\/v2\/users\/1"}],"replies":[{"embeddable":true,"href":"https:\/\/recubplast.com.co\/en\/wp-json\/wp\/v2\/comments?post=45"}],"version-history":[{"count":2,"href":"https:\/\/recubplast.com.co\/en\/wp-json\/wp\/v2\/pages\/45\/revisions"}],"predecessor-version":[{"id":196,"href":"https:\/\/recubplast.com.co\/en\/wp-json\/wp\/v2\/pages\/45\/revisions\/196"}],"wp:attachment":[{"href":"https:\/\/recubplast.com.co\/en\/wp-json\/wp\/v2\/media?parent=45"}],"curies":[{"name":"wp","href":"https:\/\/api.w.org\/{rel}","templated":true}]}}