{"id":60,"date":"2024-03-12T22:41:54","date_gmt":"2024-03-13T03:41:54","guid":{"rendered":"https:\/\/recubplast.com.co\/?page_id=60"},"modified":"2026-01-30T00:20:54","modified_gmt":"2026-01-30T05:20:54","slug":"gancheras","status":"publish","type":"page","link":"https:\/\/recubplast.com.co\/en\/gancheras\/","title":{"rendered":"Hook racks"},"content":{"rendered":"<h2 class=\"wp-block-heading has-text-align-center\" style=\"text-decoration:underline\"><em>Gancheras para procesos galv\u00e1nicos<\/em><\/h2>\n\n\n\n<div class=\"wp-block-group is-vertical is-content-justification-center is-layout-flex wp-container-core-group-is-layout-6329a8f3 wp-block-group-is-layout-flex\">\n<p class=\"has-text-align-center\">For over 20 years Recubplast Ltd. has supported your production processes, integrating alongside you new technologies and processes.<\/p>\n<\/div>\n\n\n\n<div class=\"wp-block-group alignwide has-global-padding is-layout-constrained wp-container-core-group-is-layout-19e250f3 wp-block-group-is-layout-constrained\">\n<div style=\"height:var(--wp--preset--spacing--40)\" aria-hidden=\"true\" class=\"wp-block-spacer\"><\/div>\n\n\n\n<div class=\"wp-block-columns alignwide is-layout-flex wp-container-core-columns-is-layout-d1c656ed wp-block-columns-is-layout-flex\">\n<div class=\"wp-block-column is-vertically-aligned-center is-layout-flow wp-block-column-is-layout-flow\" style=\"flex-basis:40%\">\n<p class=\"has-text-align-left has-medium-font-size\">Con    esa   convicci\u00f3n  se  ha  integrado   a nuestro     portafolio      de      servicios     la manufactura   de    gancheras     galv\u00e1nicas fabricadas bajo  especificaciones  t\u00e9cnicas. Para   ello   contamos   con  el    personal  y los\u00a0\u00a0equipos necesarios para su elaboraci\u00f3n.<\/p>\n\n\n\n<p class=\"has-medium-font-size\">Entendemos  que para  maximizar la  calidad de un recubrimiento se  debe  pensar  en las capacidades propias de los ba\u00f1os  y  el  uso que     se    le   va    a    dar   a   la   ganchera, optimizando simult\u00e1neamente el enganche y desenganche junto  con un manejo eficiente del    espacio    empleado    por    la   misma.<\/p>\n<\/div>\n\n\n\n<div class=\"wp-block-column has-global-padding is-content-justification-center is-layout-constrained wp-block-column-is-layout-constrained\" style=\"flex-basis:50%\">\n<figure class=\"wp-block-image alignright size-full is-resized is-style-rounded is-style-rounded--1\"><img loading=\"lazy\" decoding=\"async\" width=\"336\" height=\"212\" src=\"https:\/\/recubplast.com.co\/wp-content\/uploads\/2024\/03\/bonky-1.png\" alt=\"\" class=\"wp-image-62\" style=\"width:393px;height:auto\" srcset=\"https:\/\/recubplast.com.co\/wp-content\/uploads\/2024\/03\/bonky-1.png 336w, https:\/\/recubplast.com.co\/wp-content\/uploads\/2024\/03\/bonky-1-300x189.png 300w\" sizes=\"auto, (max-width: 336px) 100vw, 336px\" \/><\/figure>\n<\/div>\n<\/div>\n\n\n\n<div style=\"height:var(--wp--preset--spacing--40)\" aria-hidden=\"true\" class=\"wp-block-spacer\"><\/div>\n\n\n\n<div class=\"wp-block-columns alignwide are-vertically-aligned-center is-layout-flex wp-container-core-columns-is-layout-d1c656ed wp-block-columns-is-layout-flex\">\n<div class=\"wp-block-column is-vertically-aligned-center is-layout-flow wp-block-column-is-layout-flow\" style=\"flex-basis:50%\">\n<figure class=\"wp-block-image alignleft size-full is-resized is-style-rounded is-style-rounded--2\"><img loading=\"lazy\" decoding=\"async\" width=\"336\" height=\"212\" src=\"https:\/\/recubplast.com.co\/wp-content\/uploads\/2024\/03\/bonky-2.png\" alt=\"\" class=\"wp-image-63\" style=\"width:461px;height:auto\" srcset=\"https:\/\/recubplast.com.co\/wp-content\/uploads\/2024\/03\/bonky-2.png 336w, https:\/\/recubplast.com.co\/wp-content\/uploads\/2024\/03\/bonky-2-300x189.png 300w\" sizes=\"auto, (max-width: 336px) 100vw, 336px\" \/><\/figure>\n<\/div>\n\n\n\n<div class=\"wp-block-column is-vertically-aligned-center is-layout-flow wp-block-column-is-layout-flow\" style=\"flex-basis:40%\">\n<p class=\"has-medium-font-size\">For most electrochemical applications, the hooks are made of copper, bronze, and stainless steel. Depending on the application, they are coated with plastisol in order to protect the hook structure and to direct the current to the points of interest (contacts with the piece) and to achieve good metallization.<\/p>\n\n\n\n<p class=\"has-medium-font-size\">The spacing of the parts in the hook is a criticar factor for the quality and productivity in the electrolytic process by determining factors such as an incorrect position of the parts linked to the morphology of the part itself with other influencing factors, such as the electrical voltage or the current density applied. The parts to be coated on one side can face each other on their opposite sides, however, if the parts are required to be coated on all their sides, it is necessary to consider moving them away from each other.<\/p>\n<\/div>\n<\/div>\n<\/div>\n\n\n\n<div class=\"wp-block-group alignfull has-global-padding is-layout-constrained wp-container-core-group-is-layout-d89aad35 wp-block-group-is-layout-constrained\" style=\"margin-top:0;margin-bottom:0;padding-top:var(--wp--preset--spacing--50);padding-right:var(--wp--preset--spacing--50);padding-bottom:var(--wp--preset--spacing--50);padding-left:var(--wp--preset--spacing--50)\">\n<h2 class=\"wp-block-heading has-text-align-center\" style=\"text-decoration:underline\">Versatility and economy<\/h2>\n<\/div>\n\n\n\n<p>Thinking about versatility and economy in all the applications they are composed of: plastic plating, nickel, tin, cadmium, silver, zinc, gold, baking, among others. The Bonky Hook Racks are designed under the premise of multifunctionality, meaning that the same hook can be used for several references, facilitating the production rotation.<\/p>\n\n\n\n<p>Each of our racks is manufactured with high-quality materials, guaranteeing an adequate life cycle. We can produce your racks based on the ones you currently use or design new prototypes tailored to your ideas and\/or requirements.<\/p>\n\n\n\n<p>Contact us for a quote and to schedule a consultation.<\/p>\n\n\n\n<div class=\"wp-block-group alignfull has-black-color has-text-color has-background has-link-color wp-elements-fc2e89ed62f0918c110adc4131d3dcdc is-layout-flow wp-block-group-is-layout-flow\" style=\"background-color:#c6c6c6\">\n<div style=\"height:50px\" aria-hidden=\"true\" class=\"wp-block-spacer\"><\/div>\n\n\n\n<h3 class=\"wp-block-heading alignwide\" style=\"font-size:clamp(26.944px, 1.684rem + ((1vw - 3.2px) * 1.985), 46px);font-weight:400;line-height:1.1\">Equipment<\/h3>\n\n\n\n<div class=\"wp-block-columns alignwide is-layout-flex wp-container-core-columns-is-layout-28f84493 wp-block-columns-is-layout-flex\">\n<div class=\"wp-block-column is-layout-flow wp-block-column-is-layout-flow\" style=\"flex-basis:25%\"><\/div>\n\n\n\n<div class=\"wp-block-column is-layout-flow wp-block-column-is-layout-flow\" style=\"flex-basis:75%\">\n<p>We have modern and suitable equipment necessary to ensure the quality and waiting time of the Racks.<\/p>\n\n\n\n<p>Our dedicated team is committed with the development, manufacture, and performance of the Rack system. With extensive experience, technical expertise, and advanced technology, we provide valuable contributions that continuously enhance operations in the plant.<\/p>\n<\/div>\n<\/div>\n\n\n\n<div style=\"height:50px\" aria-hidden=\"true\" class=\"wp-block-spacer\"><\/div>\n<\/div>\n\n\n\n<div class=\"wp-block-cover alignfull is-light\" style=\"margin-top:0;padding-top:6vw;padding-right:6vw;padding-bottom:6vw;padding-left:6vw\"><span aria-hidden=\"true\" class=\"wp-block-cover__background has-base-2-background-color has-background-dim-100 has-background-dim\"><\/span><div class=\"wp-block-cover__inner-container is-layout-flow wp-block-cover-is-layout-flow\">\n<div class=\"wp-block-group is-content-justification-center is-layout-flex wp-container-core-group-is-layout-82565499 wp-block-group-is-layout-flex\">\n<div class=\"wp-block-group alignwide wp-container-content-ceb7f5b3 has-global-padding is-content-justification-left is-layout-constrained wp-container-core-group-is-layout-852f5fc7 wp-block-group-is-layout-constrained\">\n<h2 class=\"wp-block-heading alignwide has-text-align-left has-contrast-color has-text-color\" style=\"font-size:clamp(28.366px, 1.773rem + ((1vw - 3.2px) * 2.149), 49px);font-style:normal;font-weight:500;line-height:0.9;text-transform:none\">Hook Racks Manufacture<\/h2>\n\n\n\n<div style=\"height:24px\" aria-hidden=\"true\" class=\"wp-block-spacer\"><\/div>\n\n\n\n<p>Our manufacturing process for Hook Racks is fundamentally based on your needs and requirements. We then refer to technical-functional elements, and utilize CAD design tools to develop the best solutions for your processes. This allows us to save time when creating the racks, reducing our response time.<\/p>\n\n\n\n<p>once the modeling phase is completed, we then proceed to create a prototype of the Racks. This is a crucial phase as it opens up the space to exchange ideas with our customers and provide feedback of the proposed design.<\/p>\n\n\n\n<div style=\"height:60px\" aria-hidden=\"true\" class=\"wp-block-spacer\"><\/div>\n<\/div>\n\n\n\n<div class=\"wp-block-group is-content-justification-right is-nowrap is-layout-flex wp-container-core-group-is-layout-59a2d94b wp-block-group-is-layout-flex\">\n<div class=\"wp-block-group wp-container-content-0733e5d0 is-layout-flow wp-block-group-is-layout-flow\">\n<figure class=\"wp-block-image size-full is-resized wp-container-content-0733e5d0 wp-duotone-unset-3\"><img loading=\"lazy\" decoding=\"async\" width=\"158\" height=\"300\" src=\"https:\/\/recubplast.com.co\/wp-content\/uploads\/2024\/03\/showthumb-1.png\" alt=\"\" class=\"wp-image-64\" style=\"width:196px;height:auto\"\/><\/figure>\n<\/div>\n\n\n\n<figure class=\"wp-block-image size-full is-resized wp-container-content-0733e5d0 wp-duotone-unset-4\"><img loading=\"lazy\" decoding=\"async\" width=\"158\" height=\"300\" src=\"https:\/\/recubplast.com.co\/wp-content\/uploads\/2024\/03\/showthumb.png\" alt=\"\" class=\"wp-image-65\" style=\"width:196px;height:auto\"\/><\/figure>\n<\/div>\n<\/div>\n<\/div><\/div>","protected":false},"excerpt":{"rendered":"<p>Gancheras para procesos galv\u00e1nicos Recubplast Ltda. Por m\u00e1s de 20 a\u00f1os los ha acompa\u00f1ado en sus procesos productivos integrando de su mano nuevas tecnolog\u00edas y procesos. Con esa convicci\u00f3n se ha integrado a nuestro portafolio de servicios la manufactura de gancheras galv\u00e1nicas fabricadas bajo especificaciones t\u00e9cnicas. Para ello contamos con el personal y los\u00a0\u00a0equipos necesarios [&hellip;]<\/p>\n","protected":false},"author":1,"featured_media":0,"parent":0,"menu_order":0,"comment_status":"closed","ping_status":"closed","template":"","meta":{"_eb_attr":"","footnotes":""},"class_list":["post-60","page","type-page","status-publish","hentry"],"yoast_head":"<!-- This site is optimized with the Yoast SEO plugin v27.5 - https:\/\/yoast.com\/product\/yoast-seo-wordpress\/ -->\n<title>Gancheras - Recubplast<\/title>\n<meta name=\"robots\" content=\"index, follow, max-snippet:-1, max-image-preview:large, max-video-preview:-1\" \/>\n<link rel=\"canonical\" href=\"https:\/\/recubplast.com.co\/en\/gancheras\/\" \/>\n<meta property=\"og:locale\" content=\"en_US\" \/>\n<meta property=\"og:type\" content=\"article\" \/>\n<meta property=\"og:title\" content=\"Gancheras - Recubplast\" \/>\n<meta property=\"og:description\" content=\"Gancheras para procesos galv\u00e1nicos Recubplast Ltda. Por m\u00e1s de 20 a\u00f1os los ha acompa\u00f1ado en sus procesos productivos integrando de su mano nuevas tecnolog\u00edas y procesos. Con esa convicci\u00f3n se ha integrado a nuestro portafolio de servicios la manufactura de gancheras galv\u00e1nicas fabricadas bajo especificaciones t\u00e9cnicas. Para ello contamos con el personal y los\u00a0\u00a0equipos necesarios [&hellip;]\" \/>\n<meta property=\"og:url\" content=\"https:\/\/recubplast.com.co\/en\/gancheras\/\" \/>\n<meta property=\"og:site_name\" content=\"Recubplast\" \/>\n<meta property=\"article:modified_time\" content=\"2026-01-30T05:20:54+00:00\" \/>\n<meta property=\"og:image\" content=\"https:\/\/recubplast.com.co\/wp-content\/uploads\/2024\/03\/bonky-1.png\" \/>\n\t<meta property=\"og:image:width\" content=\"336\" \/>\n\t<meta property=\"og:image:height\" content=\"212\" \/>\n\t<meta property=\"og:image:type\" content=\"image\/png\" \/>\n<meta name=\"twitter:card\" content=\"summary_large_image\" \/>\n<meta name=\"twitter:label1\" content=\"Est. reading time\" \/>\n\t<meta name=\"twitter:data1\" content=\"3 minutes\" \/>\n<script type=\"application\/ld+json\" class=\"yoast-schema-graph\">{\"@context\":\"https:\\\/\\\/schema.org\",\"@graph\":[{\"@type\":\"WebPage\",\"@id\":\"https:\\\/\\\/recubplast.com.co\\\/gancheras\\\/\",\"url\":\"https:\\\/\\\/recubplast.com.co\\\/gancheras\\\/\",\"name\":\"Gancheras - Recubplast\",\"isPartOf\":{\"@id\":\"https:\\\/\\\/recubplast.com.co\\\/#website\"},\"primaryImageOfPage\":{\"@id\":\"https:\\\/\\\/recubplast.com.co\\\/gancheras\\\/#primaryimage\"},\"image\":{\"@id\":\"https:\\\/\\\/recubplast.com.co\\\/gancheras\\\/#primaryimage\"},\"thumbnailUrl\":\"https:\\\/\\\/recubplast.com.co\\\/wp-content\\\/uploads\\\/2024\\\/03\\\/bonky-1.png\",\"datePublished\":\"2024-03-13T03:41:54+00:00\",\"dateModified\":\"2026-01-30T05:20:54+00:00\",\"breadcrumb\":{\"@id\":\"https:\\\/\\\/recubplast.com.co\\\/gancheras\\\/#breadcrumb\"},\"inLanguage\":\"en-US\",\"potentialAction\":[{\"@type\":\"ReadAction\",\"target\":[\"https:\\\/\\\/recubplast.com.co\\\/gancheras\\\/\"]}]},{\"@type\":\"ImageObject\",\"inLanguage\":\"en-US\",\"@id\":\"https:\\\/\\\/recubplast.com.co\\\/gancheras\\\/#primaryimage\",\"url\":\"https:\\\/\\\/recubplast.com.co\\\/wp-content\\\/uploads\\\/2024\\\/03\\\/bonky-1.png\",\"contentUrl\":\"https:\\\/\\\/recubplast.com.co\\\/wp-content\\\/uploads\\\/2024\\\/03\\\/bonky-1.png\"},{\"@type\":\"BreadcrumbList\",\"@id\":\"https:\\\/\\\/recubplast.com.co\\\/gancheras\\\/#breadcrumb\",\"itemListElement\":[{\"@type\":\"ListItem\",\"position\":1,\"name\":\"Inicio\",\"item\":\"https:\\\/\\\/recubplast.com.co\\\/\"},{\"@type\":\"ListItem\",\"position\":2,\"name\":\"Gancheras\"}]},{\"@type\":\"WebSite\",\"@id\":\"https:\\\/\\\/recubplast.com.co\\\/#website\",\"url\":\"https:\\\/\\\/recubplast.com.co\\\/\",\"name\":\"Recubplast\",\"description\":\"\",\"publisher\":{\"@id\":\"https:\\\/\\\/recubplast.com.co\\\/#organization\"},\"potentialAction\":[{\"@type\":\"SearchAction\",\"target\":{\"@type\":\"EntryPoint\",\"urlTemplate\":\"https:\\\/\\\/recubplast.com.co\\\/?s={search_term_string}\"},\"query-input\":{\"@type\":\"PropertyValueSpecification\",\"valueRequired\":true,\"valueName\":\"search_term_string\"}}],\"inLanguage\":\"en-US\"},{\"@type\":\"Organization\",\"@id\":\"https:\\\/\\\/recubplast.com.co\\\/#organization\",\"name\":\"Recubplast\",\"url\":\"https:\\\/\\\/recubplast.com.co\\\/\",\"logo\":{\"@type\":\"ImageObject\",\"inLanguage\":\"en-US\",\"@id\":\"https:\\\/\\\/recubplast.com.co\\\/#\\\/schema\\\/logo\\\/image\\\/\",\"url\":\"https:\\\/\\\/recubplast.com.co\\\/wp-content\\\/uploads\\\/2025\\\/06\\\/cropped-WhatsApp-Image-2025-06-03-at-2.52.17-PM.png\",\"contentUrl\":\"https:\\\/\\\/recubplast.com.co\\\/wp-content\\\/uploads\\\/2025\\\/06\\\/cropped-WhatsApp-Image-2025-06-03-at-2.52.17-PM.png\",\"width\":512,\"height\":512,\"caption\":\"Recubplast\"},\"image\":{\"@id\":\"https:\\\/\\\/recubplast.com.co\\\/#\\\/schema\\\/logo\\\/image\\\/\"}}]}<\/script>\n<!-- \/ Yoast SEO plugin. -->","yoast_head_json":{"title":"Gancheras - Recubplast","robots":{"index":"index","follow":"follow","max-snippet":"max-snippet:-1","max-image-preview":"max-image-preview:large","max-video-preview":"max-video-preview:-1"},"canonical":"https:\/\/recubplast.com.co\/en\/gancheras\/","og_locale":"en_US","og_type":"article","og_title":"Gancheras - Recubplast","og_description":"Gancheras para procesos galv\u00e1nicos Recubplast Ltda. Por m\u00e1s de 20 a\u00f1os los ha acompa\u00f1ado en sus procesos productivos integrando de su mano nuevas tecnolog\u00edas y procesos. Con esa convicci\u00f3n se ha integrado a nuestro portafolio de servicios la manufactura de gancheras galv\u00e1nicas fabricadas bajo especificaciones t\u00e9cnicas. Para ello contamos con el personal y los\u00a0\u00a0equipos necesarios [&hellip;]","og_url":"https:\/\/recubplast.com.co\/en\/gancheras\/","og_site_name":"Recubplast","article_modified_time":"2026-01-30T05:20:54+00:00","og_image":[{"width":336,"height":212,"url":"https:\/\/recubplast.com.co\/wp-content\/uploads\/2024\/03\/bonky-1.png","type":"image\/png"}],"twitter_card":"summary_large_image","twitter_misc":{"Est. reading time":"3 minutes"},"schema":{"@context":"https:\/\/schema.org","@graph":[{"@type":"WebPage","@id":"https:\/\/recubplast.com.co\/gancheras\/","url":"https:\/\/recubplast.com.co\/gancheras\/","name":"Gancheras - Recubplast","isPartOf":{"@id":"https:\/\/recubplast.com.co\/#website"},"primaryImageOfPage":{"@id":"https:\/\/recubplast.com.co\/gancheras\/#primaryimage"},"image":{"@id":"https:\/\/recubplast.com.co\/gancheras\/#primaryimage"},"thumbnailUrl":"https:\/\/recubplast.com.co\/wp-content\/uploads\/2024\/03\/bonky-1.png","datePublished":"2024-03-13T03:41:54+00:00","dateModified":"2026-01-30T05:20:54+00:00","breadcrumb":{"@id":"https:\/\/recubplast.com.co\/gancheras\/#breadcrumb"},"inLanguage":"en-US","potentialAction":[{"@type":"ReadAction","target":["https:\/\/recubplast.com.co\/gancheras\/"]}]},{"@type":"ImageObject","inLanguage":"en-US","@id":"https:\/\/recubplast.com.co\/gancheras\/#primaryimage","url":"https:\/\/recubplast.com.co\/wp-content\/uploads\/2024\/03\/bonky-1.png","contentUrl":"https:\/\/recubplast.com.co\/wp-content\/uploads\/2024\/03\/bonky-1.png"},{"@type":"BreadcrumbList","@id":"https:\/\/recubplast.com.co\/gancheras\/#breadcrumb","itemListElement":[{"@type":"ListItem","position":1,"name":"Inicio","item":"https:\/\/recubplast.com.co\/"},{"@type":"ListItem","position":2,"name":"Gancheras"}]},{"@type":"WebSite","@id":"https:\/\/recubplast.com.co\/#website","url":"https:\/\/recubplast.com.co\/","name":"Recubplast","description":"","publisher":{"@id":"https:\/\/recubplast.com.co\/#organization"},"potentialAction":[{"@type":"SearchAction","target":{"@type":"EntryPoint","urlTemplate":"https:\/\/recubplast.com.co\/?s={search_term_string}"},"query-input":{"@type":"PropertyValueSpecification","valueRequired":true,"valueName":"search_term_string"}}],"inLanguage":"en-US"},{"@type":"Organization","@id":"https:\/\/recubplast.com.co\/#organization","name":"Recubplast","url":"https:\/\/recubplast.com.co\/","logo":{"@type":"ImageObject","inLanguage":"en-US","@id":"https:\/\/recubplast.com.co\/#\/schema\/logo\/image\/","url":"https:\/\/recubplast.com.co\/wp-content\/uploads\/2025\/06\/cropped-WhatsApp-Image-2025-06-03-at-2.52.17-PM.png","contentUrl":"https:\/\/recubplast.com.co\/wp-content\/uploads\/2025\/06\/cropped-WhatsApp-Image-2025-06-03-at-2.52.17-PM.png","width":512,"height":512,"caption":"Recubplast"},"image":{"@id":"https:\/\/recubplast.com.co\/#\/schema\/logo\/image\/"}}]}},"_links":{"self":[{"href":"https:\/\/recubplast.com.co\/en\/wp-json\/wp\/v2\/pages\/60","targetHints":{"allow":["GET"]}}],"collection":[{"href":"https:\/\/recubplast.com.co\/en\/wp-json\/wp\/v2\/pages"}],"about":[{"href":"https:\/\/recubplast.com.co\/en\/wp-json\/wp\/v2\/types\/page"}],"author":[{"embeddable":true,"href":"https:\/\/recubplast.com.co\/en\/wp-json\/wp\/v2\/users\/1"}],"replies":[{"embeddable":true,"href":"https:\/\/recubplast.com.co\/en\/wp-json\/wp\/v2\/comments?post=60"}],"version-history":[{"count":3,"href":"https:\/\/recubplast.com.co\/en\/wp-json\/wp\/v2\/pages\/60\/revisions"}],"predecessor-version":[{"id":461,"href":"https:\/\/recubplast.com.co\/en\/wp-json\/wp\/v2\/pages\/60\/revisions\/461"}],"wp:attachment":[{"href":"https:\/\/recubplast.com.co\/en\/wp-json\/wp\/v2\/media?parent=60"}],"curies":[{"name":"wp","href":"https:\/\/api.w.org\/{rel}","templated":true}]}}