{"id":90,"date":"2024-03-12T23:11:12","date_gmt":"2024-03-13T04:11:12","guid":{"rendered":"https:\/\/recubplast.com.co\/?page_id=90"},"modified":"2024-03-12T23:11:12","modified_gmt":"2024-03-13T04:11:12","slug":"ing-medioambiental-garabi","status":"publish","type":"page","link":"https:\/\/recubplast.com.co\/en\/ing-medioambiental-garabi\/","title":{"rendered":"GARABI IND. TECHNOLOGIES S.L."},"content":{"rendered":"<div class=\"wp-block-group alignfull has-black-color has-text-color has-background has-link-color wp-elements-64dbc43ca6b1964cff72da1d4875af24 is-layout-flow wp-block-group-is-layout-flow\" style=\"background-color:#dcdcdc\">\n<h2 class=\"wp-block-heading alignwide\" style=\"font-size:clamp(25.984px, 1.624rem + ((1vw - 3.2px) * 1.877), 44px);font-weight:400;line-height:1.1\">GARABI IND. TECHNOLOGIES S.L.<\/h2>\n\n\n\n<div class=\"wp-block-columns alignwide is-layout-flex wp-container-core-columns-is-layout-28f84493 wp-block-columns-is-layout-flex\">\n<div class=\"wp-block-column is-layout-flow wp-block-column-is-layout-flow\" style=\"flex-basis:25%\"><\/div>\n\n\n\n<div class=\"wp-block-column is-layout-flow wp-block-column-is-layout-flow\" style=\"flex-basis:75%\">\n<p>Founded in 1988, GARABI IND. TECHNOLOGIES S.L. Is located in the town of Olaberria (Gipuzkoa).<\/p>\n\n\n\n<p>From the beginning, GARABI has been committed to the most innovative technologies, developing both proprietary and collaborative R&amp;D projects, as well as offering after-sales service to meet the current and future needs of its clients.<\/p>\n\n\n\n<p>Specializing in industrial water treatment, GARABI is backed by numerous treatment and purification facilities worldwide<\/p>\n\n\n\n<p><strong>Recubplast Ltd. Is the official representative of GARABI IND. TECHNOLOGIES S.L. In Colombia.<\/strong><\/p>\n<\/div>\n<\/div>\n\n\n\n<div style=\"height:50px\" aria-hidden=\"true\" class=\"wp-block-spacer\"><\/div>\n<\/div>","protected":false},"excerpt":{"rendered":"<p>GARABI IND. TECHNOLOGIES S.L. Es una empresa creada en el a\u00f1o 1988. Esta empresa est\u00e1 localizada en la poblaci\u00f3n de OLABERRIA (Gipuzkoa). Desde sus inicios GARABI ha apostado por las tecnolog\u00edas m\u00e1s innovadoras, generando proyectos de I+D propios y colaborativos,&nbsp;as\u00ed como el servicio postventa para satisfacer las necesidades actuales y futuras de los clientes. Especializada [&hellip;]<\/p>\n","protected":false},"author":1,"featured_media":0,"parent":0,"menu_order":0,"comment_status":"closed","ping_status":"closed","template":"","meta":{"_eb_attr":"","footnotes":""},"class_list":["post-90","page","type-page","status-publish","hentry"],"yoast_head":"<!-- This site is optimized with the Yoast SEO plugin v27.5 - https:\/\/yoast.com\/product\/yoast-seo-wordpress\/ -->\n<title>Ing. Medioambiental GARABI - Recubplast<\/title>\n<meta name=\"robots\" content=\"index, follow, max-snippet:-1, max-image-preview:large, max-video-preview:-1\" \/>\n<link rel=\"canonical\" href=\"https:\/\/recubplast.com.co\/en\/ing-medioambiental-garabi\/\" \/>\n<meta property=\"og:locale\" content=\"en_US\" \/>\n<meta property=\"og:type\" content=\"article\" \/>\n<meta property=\"og:title\" content=\"Ing. Medioambiental GARABI - Recubplast\" \/>\n<meta property=\"og:description\" content=\"GARABI IND. TECHNOLOGIES S.L. Es una empresa creada en el a\u00f1o 1988. Esta empresa est\u00e1 localizada en la poblaci\u00f3n de OLABERRIA (Gipuzkoa). Desde sus inicios GARABI ha apostado por las tecnolog\u00edas m\u00e1s innovadoras, generando proyectos de I+D propios y colaborativos,&nbsp;as\u00ed como el servicio postventa para satisfacer las necesidades actuales y futuras de los clientes. Especializada [&hellip;]\" \/>\n<meta property=\"og:url\" content=\"https:\/\/recubplast.com.co\/en\/ing-medioambiental-garabi\/\" \/>\n<meta property=\"og:site_name\" content=\"Recubplast\" \/>\n<meta name=\"twitter:card\" content=\"summary_large_image\" \/>\n<script type=\"application\/ld+json\" class=\"yoast-schema-graph\">{\"@context\":\"https:\\\/\\\/schema.org\",\"@graph\":[{\"@type\":\"WebPage\",\"@id\":\"https:\\\/\\\/recubplast.com.co\\\/ing-medioambiental-garabi\\\/\",\"url\":\"https:\\\/\\\/recubplast.com.co\\\/ing-medioambiental-garabi\\\/\",\"name\":\"Ing. Medioambiental GARABI - Recubplast\",\"isPartOf\":{\"@id\":\"https:\\\/\\\/recubplast.com.co\\\/#website\"},\"datePublished\":\"2024-03-13T04:11:12+00:00\",\"breadcrumb\":{\"@id\":\"https:\\\/\\\/recubplast.com.co\\\/ing-medioambiental-garabi\\\/#breadcrumb\"},\"inLanguage\":\"en-US\",\"potentialAction\":[{\"@type\":\"ReadAction\",\"target\":[\"https:\\\/\\\/recubplast.com.co\\\/ing-medioambiental-garabi\\\/\"]}]},{\"@type\":\"BreadcrumbList\",\"@id\":\"https:\\\/\\\/recubplast.com.co\\\/ing-medioambiental-garabi\\\/#breadcrumb\",\"itemListElement\":[{\"@type\":\"ListItem\",\"position\":1,\"name\":\"Inicio\",\"item\":\"https:\\\/\\\/recubplast.com.co\\\/\"},{\"@type\":\"ListItem\",\"position\":2,\"name\":\"Ing. Medioambiental GARABI\"}]},{\"@type\":\"WebSite\",\"@id\":\"https:\\\/\\\/recubplast.com.co\\\/#website\",\"url\":\"https:\\\/\\\/recubplast.com.co\\\/\",\"name\":\"Recubplast\",\"description\":\"\",\"publisher\":{\"@id\":\"https:\\\/\\\/recubplast.com.co\\\/#organization\"},\"potentialAction\":[{\"@type\":\"SearchAction\",\"target\":{\"@type\":\"EntryPoint\",\"urlTemplate\":\"https:\\\/\\\/recubplast.com.co\\\/?s={search_term_string}\"},\"query-input\":{\"@type\":\"PropertyValueSpecification\",\"valueRequired\":true,\"valueName\":\"search_term_string\"}}],\"inLanguage\":\"en-US\"},{\"@type\":\"Organization\",\"@id\":\"https:\\\/\\\/recubplast.com.co\\\/#organization\",\"name\":\"Recubplast\",\"url\":\"https:\\\/\\\/recubplast.com.co\\\/\",\"logo\":{\"@type\":\"ImageObject\",\"inLanguage\":\"en-US\",\"@id\":\"https:\\\/\\\/recubplast.com.co\\\/#\\\/schema\\\/logo\\\/image\\\/\",\"url\":\"https:\\\/\\\/recubplast.com.co\\\/wp-content\\\/uploads\\\/2025\\\/06\\\/cropped-WhatsApp-Image-2025-06-03-at-2.52.17-PM.png\",\"contentUrl\":\"https:\\\/\\\/recubplast.com.co\\\/wp-content\\\/uploads\\\/2025\\\/06\\\/cropped-WhatsApp-Image-2025-06-03-at-2.52.17-PM.png\",\"width\":512,\"height\":512,\"caption\":\"Recubplast\"},\"image\":{\"@id\":\"https:\\\/\\\/recubplast.com.co\\\/#\\\/schema\\\/logo\\\/image\\\/\"}}]}<\/script>\n<!-- \/ Yoast SEO plugin. -->","yoast_head_json":{"title":"Ing. Medioambiental GARABI - Recubplast","robots":{"index":"index","follow":"follow","max-snippet":"max-snippet:-1","max-image-preview":"max-image-preview:large","max-video-preview":"max-video-preview:-1"},"canonical":"https:\/\/recubplast.com.co\/en\/ing-medioambiental-garabi\/","og_locale":"en_US","og_type":"article","og_title":"Ing. Medioambiental GARABI - Recubplast","og_description":"GARABI IND. TECHNOLOGIES S.L. Es una empresa creada en el a\u00f1o 1988. Esta empresa est\u00e1 localizada en la poblaci\u00f3n de OLABERRIA (Gipuzkoa). Desde sus inicios GARABI ha apostado por las tecnolog\u00edas m\u00e1s innovadoras, generando proyectos de I+D propios y colaborativos,&nbsp;as\u00ed como el servicio postventa para satisfacer las necesidades actuales y futuras de los clientes. Especializada [&hellip;]","og_url":"https:\/\/recubplast.com.co\/en\/ing-medioambiental-garabi\/","og_site_name":"Recubplast","twitter_card":"summary_large_image","schema":{"@context":"https:\/\/schema.org","@graph":[{"@type":"WebPage","@id":"https:\/\/recubplast.com.co\/ing-medioambiental-garabi\/","url":"https:\/\/recubplast.com.co\/ing-medioambiental-garabi\/","name":"Ing. Medioambiental GARABI - Recubplast","isPartOf":{"@id":"https:\/\/recubplast.com.co\/#website"},"datePublished":"2024-03-13T04:11:12+00:00","breadcrumb":{"@id":"https:\/\/recubplast.com.co\/ing-medioambiental-garabi\/#breadcrumb"},"inLanguage":"en-US","potentialAction":[{"@type":"ReadAction","target":["https:\/\/recubplast.com.co\/ing-medioambiental-garabi\/"]}]},{"@type":"BreadcrumbList","@id":"https:\/\/recubplast.com.co\/ing-medioambiental-garabi\/#breadcrumb","itemListElement":[{"@type":"ListItem","position":1,"name":"Inicio","item":"https:\/\/recubplast.com.co\/"},{"@type":"ListItem","position":2,"name":"Ing. Medioambiental GARABI"}]},{"@type":"WebSite","@id":"https:\/\/recubplast.com.co\/#website","url":"https:\/\/recubplast.com.co\/","name":"Recubplast","description":"","publisher":{"@id":"https:\/\/recubplast.com.co\/#organization"},"potentialAction":[{"@type":"SearchAction","target":{"@type":"EntryPoint","urlTemplate":"https:\/\/recubplast.com.co\/?s={search_term_string}"},"query-input":{"@type":"PropertyValueSpecification","valueRequired":true,"valueName":"search_term_string"}}],"inLanguage":"en-US"},{"@type":"Organization","@id":"https:\/\/recubplast.com.co\/#organization","name":"Recubplast","url":"https:\/\/recubplast.com.co\/","logo":{"@type":"ImageObject","inLanguage":"en-US","@id":"https:\/\/recubplast.com.co\/#\/schema\/logo\/image\/","url":"https:\/\/recubplast.com.co\/wp-content\/uploads\/2025\/06\/cropped-WhatsApp-Image-2025-06-03-at-2.52.17-PM.png","contentUrl":"https:\/\/recubplast.com.co\/wp-content\/uploads\/2025\/06\/cropped-WhatsApp-Image-2025-06-03-at-2.52.17-PM.png","width":512,"height":512,"caption":"Recubplast"},"image":{"@id":"https:\/\/recubplast.com.co\/#\/schema\/logo\/image\/"}}]}},"_links":{"self":[{"href":"https:\/\/recubplast.com.co\/en\/wp-json\/wp\/v2\/pages\/90","targetHints":{"allow":["GET"]}}],"collection":[{"href":"https:\/\/recubplast.com.co\/en\/wp-json\/wp\/v2\/pages"}],"about":[{"href":"https:\/\/recubplast.com.co\/en\/wp-json\/wp\/v2\/types\/page"}],"author":[{"embeddable":true,"href":"https:\/\/recubplast.com.co\/en\/wp-json\/wp\/v2\/users\/1"}],"replies":[{"embeddable":true,"href":"https:\/\/recubplast.com.co\/en\/wp-json\/wp\/v2\/comments?post=90"}],"version-history":[{"count":1,"href":"https:\/\/recubplast.com.co\/en\/wp-json\/wp\/v2\/pages\/90\/revisions"}],"predecessor-version":[{"id":91,"href":"https:\/\/recubplast.com.co\/en\/wp-json\/wp\/v2\/pages\/90\/revisions\/91"}],"wp:attachment":[{"href":"https:\/\/recubplast.com.co\/en\/wp-json\/wp\/v2\/media?parent=90"}],"curies":[{"name":"wp","href":"https:\/\/api.w.org\/{rel}","templated":true}]}}