{"id":93,"date":"2024-03-12T23:16:32","date_gmt":"2024-03-13T04:16:32","guid":{"rendered":"https:\/\/recubplast.com.co\/?page_id=93"},"modified":"2024-03-12T23:16:32","modified_gmt":"2024-03-13T04:16:32","slug":"bombas-filtro-hendor","status":"publish","type":"page","link":"https:\/\/recubplast.com.co\/en\/bombas-filtro-hendor\/","title":{"rendered":"HENDOR FILTER PUMPS"},"content":{"rendered":"<figure class=\"wp-block-image alignwide size-full\"><img loading=\"lazy\" decoding=\"async\" width=\"566\" height=\"135\" src=\"https:\/\/recubplast.com.co\/wp-content\/uploads\/2024\/03\/logohendor-1.png\" alt=\"\" class=\"wp-image-95\" srcset=\"https:\/\/recubplast.com.co\/wp-content\/uploads\/2024\/03\/logohendor-1.png 566w, https:\/\/recubplast.com.co\/wp-content\/uploads\/2024\/03\/logohendor-1-300x72.png 300w\" sizes=\"auto, (max-width: 566px) 100vw, 566px\" \/><\/figure>\n\n\n\n<p><strong>Since 1948<\/strong><\/p>\n\n\n\n<p>HENDOR has been manufacturing plastic pumps and filters. With more than 60 years of experience, it is one of the longest-standing manufacturers in the market. The company produces a wide range of High-quality filters and pumps for the electroplating industry, as well as for printed circuit boards, connectors, and semiconductors.<\/p>\n\n\n\n<p><strong>Experience and knowledge<\/strong><\/p>\n\n\n\n<p>As a trusted supplier to the galvanic industry, HENDOR has accumulated extensive expertise and knowledge, serving both local and international markets for many years.<\/p>\n\n\n\n<p>HENDOR is recognized for its high-quality products, all of which are manufactured in the Netherlands. Since 1993, all products have been produced in compliance with the ISO 9001 standard.<\/p>\n\n\n\n<p><strong>Success<\/strong><\/p>\n\n\n\n<p>HENDOR prioritizes all their products to be reliable and user-friendly. Their success is a motivator to continuously develop and manufacture innovative products that set market trends.<\/p>\n\n\n\n<p>In addition to conventional filters, HENDOR offers specialized filtration solutions for challenging applications, such as tin or oil filtration.<\/p>\n\n\n\n<p><strong>Standard or Custom-Made solutions.<\/strong><\/p>\n\n\n\n<p>HENDOR products are manufactured under strict quality standards. However, off-the-shelf solutions are not always the most effective. That is why they specialize in adapting their products to meet the specific needs of their clients.<\/p>","protected":false},"excerpt":{"rendered":"<p>Desde 1948 Hendor fabrica desde 1948 bombas de pl\u00e1stico y filtros. Esto m\u00e1s que 60 a\u00f1os y por lo tanto uno de los m\u00e1s antiguos fabricantes existentes en el mercado. Fabricamos una amplia gama de filtros y bombas de alta calidad para la industria de la galvanoplastia en general, de circuito impreso, conectores y semiconductores. [&hellip;]<\/p>\n","protected":false},"author":1,"featured_media":0,"parent":0,"menu_order":0,"comment_status":"closed","ping_status":"closed","template":"","meta":{"_eb_attr":"","footnotes":""},"class_list":["post-93","page","type-page","status-publish","hentry"],"yoast_head":"<!-- This site is optimized with the Yoast SEO plugin v27.5 - https:\/\/yoast.com\/product\/yoast-seo-wordpress\/ -->\n<title>Bombas filtro HENDOR - Recubplast<\/title>\n<meta name=\"robots\" content=\"index, follow, max-snippet:-1, max-image-preview:large, max-video-preview:-1\" \/>\n<link rel=\"canonical\" href=\"https:\/\/recubplast.com.co\/en\/bombas-filtro-hendor\/\" \/>\n<meta property=\"og:locale\" content=\"en_US\" \/>\n<meta property=\"og:type\" content=\"article\" \/>\n<meta property=\"og:title\" content=\"Bombas filtro HENDOR - Recubplast\" \/>\n<meta property=\"og:description\" content=\"Desde 1948 Hendor fabrica desde 1948 bombas de pl\u00e1stico y filtros. Esto m\u00e1s que 60 a\u00f1os y por lo tanto uno de los m\u00e1s antiguos fabricantes existentes en el mercado. Fabricamos una amplia gama de filtros y bombas de alta calidad para la industria de la galvanoplastia en general, de circuito impreso, conectores y semiconductores. [&hellip;]\" \/>\n<meta property=\"og:url\" content=\"https:\/\/recubplast.com.co\/en\/bombas-filtro-hendor\/\" \/>\n<meta property=\"og:site_name\" content=\"Recubplast\" \/>\n<meta property=\"og:image\" content=\"https:\/\/recubplast.com.co\/wp-content\/uploads\/2024\/03\/logohendor-1.png\" \/>\n<meta name=\"twitter:card\" content=\"summary_large_image\" \/>\n<meta name=\"twitter:label1\" content=\"Est. reading time\" \/>\n\t<meta name=\"twitter:data1\" content=\"1 minute\" \/>\n<script type=\"application\/ld+json\" class=\"yoast-schema-graph\">{\"@context\":\"https:\\\/\\\/schema.org\",\"@graph\":[{\"@type\":\"WebPage\",\"@id\":\"https:\\\/\\\/recubplast.com.co\\\/bombas-filtro-hendor\\\/\",\"url\":\"https:\\\/\\\/recubplast.com.co\\\/bombas-filtro-hendor\\\/\",\"name\":\"Bombas filtro HENDOR - Recubplast\",\"isPartOf\":{\"@id\":\"https:\\\/\\\/recubplast.com.co\\\/#website\"},\"primaryImageOfPage\":{\"@id\":\"https:\\\/\\\/recubplast.com.co\\\/bombas-filtro-hendor\\\/#primaryimage\"},\"image\":{\"@id\":\"https:\\\/\\\/recubplast.com.co\\\/bombas-filtro-hendor\\\/#primaryimage\"},\"thumbnailUrl\":\"https:\\\/\\\/recubplast.com.co\\\/wp-content\\\/uploads\\\/2024\\\/03\\\/logohendor-1.png\",\"datePublished\":\"2024-03-13T04:16:32+00:00\",\"breadcrumb\":{\"@id\":\"https:\\\/\\\/recubplast.com.co\\\/bombas-filtro-hendor\\\/#breadcrumb\"},\"inLanguage\":\"en-US\",\"potentialAction\":[{\"@type\":\"ReadAction\",\"target\":[\"https:\\\/\\\/recubplast.com.co\\\/bombas-filtro-hendor\\\/\"]}]},{\"@type\":\"ImageObject\",\"inLanguage\":\"en-US\",\"@id\":\"https:\\\/\\\/recubplast.com.co\\\/bombas-filtro-hendor\\\/#primaryimage\",\"url\":\"https:\\\/\\\/recubplast.com.co\\\/wp-content\\\/uploads\\\/2024\\\/03\\\/logohendor-1.png\",\"contentUrl\":\"https:\\\/\\\/recubplast.com.co\\\/wp-content\\\/uploads\\\/2024\\\/03\\\/logohendor-1.png\"},{\"@type\":\"BreadcrumbList\",\"@id\":\"https:\\\/\\\/recubplast.com.co\\\/bombas-filtro-hendor\\\/#breadcrumb\",\"itemListElement\":[{\"@type\":\"ListItem\",\"position\":1,\"name\":\"Inicio\",\"item\":\"https:\\\/\\\/recubplast.com.co\\\/\"},{\"@type\":\"ListItem\",\"position\":2,\"name\":\"Bombas filtro HENDOR\"}]},{\"@type\":\"WebSite\",\"@id\":\"https:\\\/\\\/recubplast.com.co\\\/#website\",\"url\":\"https:\\\/\\\/recubplast.com.co\\\/\",\"name\":\"Recubplast\",\"description\":\"\",\"publisher\":{\"@id\":\"https:\\\/\\\/recubplast.com.co\\\/#organization\"},\"potentialAction\":[{\"@type\":\"SearchAction\",\"target\":{\"@type\":\"EntryPoint\",\"urlTemplate\":\"https:\\\/\\\/recubplast.com.co\\\/?s={search_term_string}\"},\"query-input\":{\"@type\":\"PropertyValueSpecification\",\"valueRequired\":true,\"valueName\":\"search_term_string\"}}],\"inLanguage\":\"en-US\"},{\"@type\":\"Organization\",\"@id\":\"https:\\\/\\\/recubplast.com.co\\\/#organization\",\"name\":\"Recubplast\",\"url\":\"https:\\\/\\\/recubplast.com.co\\\/\",\"logo\":{\"@type\":\"ImageObject\",\"inLanguage\":\"en-US\",\"@id\":\"https:\\\/\\\/recubplast.com.co\\\/#\\\/schema\\\/logo\\\/image\\\/\",\"url\":\"https:\\\/\\\/recubplast.com.co\\\/wp-content\\\/uploads\\\/2025\\\/06\\\/cropped-WhatsApp-Image-2025-06-03-at-2.52.17-PM.png\",\"contentUrl\":\"https:\\\/\\\/recubplast.com.co\\\/wp-content\\\/uploads\\\/2025\\\/06\\\/cropped-WhatsApp-Image-2025-06-03-at-2.52.17-PM.png\",\"width\":512,\"height\":512,\"caption\":\"Recubplast\"},\"image\":{\"@id\":\"https:\\\/\\\/recubplast.com.co\\\/#\\\/schema\\\/logo\\\/image\\\/\"}}]}<\/script>\n<!-- \/ Yoast SEO plugin. -->","yoast_head_json":{"title":"Bombas filtro HENDOR - Recubplast","robots":{"index":"index","follow":"follow","max-snippet":"max-snippet:-1","max-image-preview":"max-image-preview:large","max-video-preview":"max-video-preview:-1"},"canonical":"https:\/\/recubplast.com.co\/en\/bombas-filtro-hendor\/","og_locale":"en_US","og_type":"article","og_title":"Bombas filtro HENDOR - Recubplast","og_description":"Desde 1948 Hendor fabrica desde 1948 bombas de pl\u00e1stico y filtros. Esto m\u00e1s que 60 a\u00f1os y por lo tanto uno de los m\u00e1s antiguos fabricantes existentes en el mercado. Fabricamos una amplia gama de filtros y bombas de alta calidad para la industria de la galvanoplastia en general, de circuito impreso, conectores y semiconductores. [&hellip;]","og_url":"https:\/\/recubplast.com.co\/en\/bombas-filtro-hendor\/","og_site_name":"Recubplast","og_image":[{"url":"https:\/\/recubplast.com.co\/wp-content\/uploads\/2024\/03\/logohendor-1.png","type":"","width":"","height":""}],"twitter_card":"summary_large_image","twitter_misc":{"Est. reading time":"1 minute"},"schema":{"@context":"https:\/\/schema.org","@graph":[{"@type":"WebPage","@id":"https:\/\/recubplast.com.co\/bombas-filtro-hendor\/","url":"https:\/\/recubplast.com.co\/bombas-filtro-hendor\/","name":"Bombas filtro HENDOR - Recubplast","isPartOf":{"@id":"https:\/\/recubplast.com.co\/#website"},"primaryImageOfPage":{"@id":"https:\/\/recubplast.com.co\/bombas-filtro-hendor\/#primaryimage"},"image":{"@id":"https:\/\/recubplast.com.co\/bombas-filtro-hendor\/#primaryimage"},"thumbnailUrl":"https:\/\/recubplast.com.co\/wp-content\/uploads\/2024\/03\/logohendor-1.png","datePublished":"2024-03-13T04:16:32+00:00","breadcrumb":{"@id":"https:\/\/recubplast.com.co\/bombas-filtro-hendor\/#breadcrumb"},"inLanguage":"en-US","potentialAction":[{"@type":"ReadAction","target":["https:\/\/recubplast.com.co\/bombas-filtro-hendor\/"]}]},{"@type":"ImageObject","inLanguage":"en-US","@id":"https:\/\/recubplast.com.co\/bombas-filtro-hendor\/#primaryimage","url":"https:\/\/recubplast.com.co\/wp-content\/uploads\/2024\/03\/logohendor-1.png","contentUrl":"https:\/\/recubplast.com.co\/wp-content\/uploads\/2024\/03\/logohendor-1.png"},{"@type":"BreadcrumbList","@id":"https:\/\/recubplast.com.co\/bombas-filtro-hendor\/#breadcrumb","itemListElement":[{"@type":"ListItem","position":1,"name":"Inicio","item":"https:\/\/recubplast.com.co\/"},{"@type":"ListItem","position":2,"name":"Bombas filtro HENDOR"}]},{"@type":"WebSite","@id":"https:\/\/recubplast.com.co\/#website","url":"https:\/\/recubplast.com.co\/","name":"Recubplast","description":"","publisher":{"@id":"https:\/\/recubplast.com.co\/#organization"},"potentialAction":[{"@type":"SearchAction","target":{"@type":"EntryPoint","urlTemplate":"https:\/\/recubplast.com.co\/?s={search_term_string}"},"query-input":{"@type":"PropertyValueSpecification","valueRequired":true,"valueName":"search_term_string"}}],"inLanguage":"en-US"},{"@type":"Organization","@id":"https:\/\/recubplast.com.co\/#organization","name":"Recubplast","url":"https:\/\/recubplast.com.co\/","logo":{"@type":"ImageObject","inLanguage":"en-US","@id":"https:\/\/recubplast.com.co\/#\/schema\/logo\/image\/","url":"https:\/\/recubplast.com.co\/wp-content\/uploads\/2025\/06\/cropped-WhatsApp-Image-2025-06-03-at-2.52.17-PM.png","contentUrl":"https:\/\/recubplast.com.co\/wp-content\/uploads\/2025\/06\/cropped-WhatsApp-Image-2025-06-03-at-2.52.17-PM.png","width":512,"height":512,"caption":"Recubplast"},"image":{"@id":"https:\/\/recubplast.com.co\/#\/schema\/logo\/image\/"}}]}},"_links":{"self":[{"href":"https:\/\/recubplast.com.co\/en\/wp-json\/wp\/v2\/pages\/93","targetHints":{"allow":["GET"]}}],"collection":[{"href":"https:\/\/recubplast.com.co\/en\/wp-json\/wp\/v2\/pages"}],"about":[{"href":"https:\/\/recubplast.com.co\/en\/wp-json\/wp\/v2\/types\/page"}],"author":[{"embeddable":true,"href":"https:\/\/recubplast.com.co\/en\/wp-json\/wp\/v2\/users\/1"}],"replies":[{"embeddable":true,"href":"https:\/\/recubplast.com.co\/en\/wp-json\/wp\/v2\/comments?post=93"}],"version-history":[{"count":1,"href":"https:\/\/recubplast.com.co\/en\/wp-json\/wp\/v2\/pages\/93\/revisions"}],"predecessor-version":[{"id":96,"href":"https:\/\/recubplast.com.co\/en\/wp-json\/wp\/v2\/pages\/93\/revisions\/96"}],"wp:attachment":[{"href":"https:\/\/recubplast.com.co\/en\/wp-json\/wp\/v2\/media?parent=93"}],"curies":[{"name":"wp","href":"https:\/\/api.w.org\/{rel}","templated":true}]}}